{"id":5266,"date":"2025-02-10T04:14:14","date_gmt":"2025-02-10T04:14:14","guid":{"rendered":"https:\/\/gfl.skyfish.dev\/equipo\/"},"modified":"2026-01-29T11:59:35","modified_gmt":"2026-01-29T11:59:35","slug":"equipo","status":"publish","type":"page","link":"https:\/\/www.gardenforlife.site\/es\/equipo\/","title":{"rendered":"Equipo"},"content":{"rendered":"\t\t<div data-elementor-type=\"wp-page\" data-elementor-id=\"5266\" class=\"elementor elementor-5266 elementor-3837\" data-elementor-post-type=\"page\">\n\t\t\t\t<div class=\"elementor-element elementor-element-176ebce e-con-full e-flex e-con e-parent\" data-id=\"176ebce\" data-element_type=\"container\" data-e-type=\"container\" data-settings=\"{&quot;background_background&quot;:&quot;video&quot;,&quot;background_video_link&quot;:&quot;https:\\\/\\\/vimeo.com\\\/1064179154\\\/98c39a92f6&quot;,&quot;background_play_on_mobile&quot;:&quot;yes&quot;}\">\n\t\t<div class=\"elementor-background-video-container\">\n\t\t\t\t\t\t\t<div class=\"elementor-background-video-embed\" role=\"presentation\"><\/div>\n\t\t\t\t\t\t<\/div>\t\t<div class=\"elementor-element elementor-element-5054db3 elementor-widget elementor-widget-heading\" data-id=\"5054db3\" data-element_type=\"widget\" data-e-type=\"widget\" data-widget_type=\"heading.default\">\n\t\t\t\t<div class=\"elementor-widget-container\">\n\t\t\t\t\t<h2 class=\"elementor-heading-title elementor-size-default\">Equipo<\/h2>\t\t\t\t<\/div>\n\t\t\t\t<\/div>\n\t\t\t\t<\/div>\n\t\t<div class=\"elementor-element elementor-element-8177183 e-flex e-con-boxed e-con e-parent\" data-id=\"8177183\" data-element_type=\"container\" data-e-type=\"container\" data-settings=\"{&quot;background_background&quot;:&quot;classic&quot;}\">\n\t\t\t\t\t<div class=\"e-con-inner\">\n\t\t<div class=\"elementor-element elementor-element-b0a3cdf e-con-full e-flex e-con e-child\" data-id=\"b0a3cdf\" data-element_type=\"container\" data-e-type=\"container\">\n\t\t\t\t<div class=\"elementor-element elementor-element-e745fe5 elementor-widget elementor-widget-heading\" data-id=\"e745fe5\" data-element_type=\"widget\" data-e-type=\"widget\" data-widget_type=\"heading.default\">\n\t\t\t\t<div class=\"elementor-widget-container\">\n\t\t\t\t\t<h2 class=\"elementor-heading-title elementor-size-default\">Sobre nosotros<\/h2>\t\t\t\t<\/div>\n\t\t\t\t<\/div>\n\t\t\t\t<div class=\"elementor-element elementor-element-2093478 elementor-widget elementor-widget-text-editor\" data-id=\"2093478\" data-element_type=\"widget\" data-e-type=\"widget\" data-widget_type=\"text-editor.default\">\n\t\t\t\t<div class=\"elementor-widget-container\">\n\t\t\t\t\t\t\t\t\t<p>GardenforLIFE es un gran &#8216;nosotros&#8217;. Es la VIDA producida a partir de m\u00e1s de 30 a\u00f1os de diversa colaboraci\u00f3n. El catalizador de esta alianza es nuestro Creador, que ha conectado a agricultores, jardineros, educadores, cient\u00edficos y otras personas de todos los \u00e1mbitos de la vida. Cada uno de &#8216;nosotros&#8217; est\u00e1 comprometido a ayudar al mundo a alimentarse y curarse a s\u00ed mismo como parte de un plan redentor para el suministro de alimentos del mundo.   <\/p><p>Para las partes del mundo que est\u00e1n rotas y necesitan restauraci\u00f3n, elegimos ser un agente de gracia, sabidur\u00eda y curaci\u00f3n. Por eso trabajamos para crear herramientas gratuitas para apoyar y conectar a individuos, comunidades y organizaciones. \u00danase a nosotros mientras continuamos descubriendo el significado y el alcance de la redenci\u00f3n del suministro de alimentos del mundo.   <\/p>\t\t\t\t\t\t\t\t<\/div>\n\t\t\t\t<\/div>\n\t\t\t\t<\/div>\n\t\t<div class=\"elementor-element elementor-element-ac1600c e-con-full elementor-hidden-tablet elementor-hidden-mobile e-flex e-con e-child\" data-id=\"ac1600c\" data-element_type=\"container\" data-e-type=\"container\" data-settings=\"{&quot;background_background&quot;:&quot;classic&quot;}\">\n\t\t\t\t<\/div>\n\t\t\t\t\t<\/div>\n\t\t\t\t<\/div>\n\t\t<div class=\"elementor-element elementor-element-5f7f4acd e-flex e-con-boxed e-con e-parent\" data-id=\"5f7f4acd\" data-element_type=\"container\" data-e-type=\"container\" data-settings=\"{&quot;background_background&quot;:&quot;classic&quot;}\">\n\t\t\t\t\t<div class=\"e-con-inner\">\n\t\t<div class=\"elementor-element elementor-element-39bdeaad e-con-full e-flex e-con e-child\" data-id=\"39bdeaad\" data-element_type=\"container\" data-e-type=\"container\">\n\t\t\t\t<div class=\"elementor-element elementor-element-4c5a89e4 elementor-widget__width-initial elementor-widget-tablet__width-inherit elementor-invisible elementor-widget elementor-widget-heading\" data-id=\"4c5a89e4\" data-element_type=\"widget\" data-e-type=\"widget\" data-settings=\"{&quot;_animation&quot;:&quot;fadeInUp&quot;}\" data-widget_type=\"heading.default\">\n\t\t\t\t<div class=\"elementor-widget-container\">\n\t\t\t\t\t<h2 class=\"elementor-heading-title elementor-size-default\">Conoce al equipo<\/h2>\t\t\t\t<\/div>\n\t\t\t\t<\/div>\n\t\t\t\t<\/div>\n\t\t<div class=\"elementor-element elementor-element-46ad70a5 e-con-full e-flex e-con e-child\" data-id=\"46ad70a5\" data-element_type=\"container\" data-e-type=\"container\">\n\t\t<div class=\"elementor-element elementor-element-57d47652 e-con-full e-flex e-con e-child\" data-id=\"57d47652\" data-element_type=\"container\" data-e-type=\"container\">\n\t\t\t\t<div class=\"elementor-element elementor-element-405e377 elementor-widget-tablet__width-inherit elementor-hidden-desktop elementor-hidden-tablet elementor-invisible elementor-widget elementor-widget-heading\" data-id=\"405e377\" data-element_type=\"widget\" data-e-type=\"widget\" data-settings=\"{&quot;_animation&quot;:&quot;fadeInUp&quot;}\" data-widget_type=\"heading.default\">\n\t\t\t\t<div class=\"elementor-widget-container\">\n\t\t\t\t\t<h2 class=\"elementor-heading-title elementor-size-default\">Fred Billings<\/h2>\t\t\t\t<\/div>\n\t\t\t\t<\/div>\n\t\t\t\t<div class=\"elementor-element elementor-element-3af7d809 elementor-widget-tablet__width-inherit elementor-invisible elementor-widget elementor-widget-image\" data-id=\"3af7d809\" data-element_type=\"widget\" data-e-type=\"widget\" data-settings=\"{&quot;_animation&quot;:&quot;fadeInUp&quot;}\" data-widget_type=\"image.default\">\n\t\t\t\t<div class=\"elementor-widget-container\">\n\t\t\t\t\t\t\t\t\t\t\t\t\t\t\t<img fetchpriority=\"high\" decoding=\"async\" width=\"512\" height=\"512\" src=\"https:\/\/www.gardenforlife.site\/wp-content\/uploads\/2025\/02\/Freds-Team-Photo.webp\" class=\"attachment-large size-large wp-image-5271\" alt=\"\" srcset=\"https:\/\/www.gardenforlife.site\/wp-content\/uploads\/2025\/02\/Freds-Team-Photo.webp 512w, https:\/\/www.gardenforlife.site\/wp-content\/uploads\/2025\/02\/Freds-Team-Photo-300x300.webp 300w, https:\/\/www.gardenforlife.site\/wp-content\/uploads\/2025\/02\/Freds-Team-Photo-150x150.webp 150w\" sizes=\"(max-width: 512px) 100vw, 512px\" \/>\t\t\t\t\t\t\t\t\t\t\t\t\t\t\t<\/div>\n\t\t\t\t<\/div>\n\t\t<div class=\"elementor-element elementor-element-232c3898 e-con-full e-flex e-con e-child\" data-id=\"232c3898\" data-element_type=\"container\" data-e-type=\"container\">\n\t\t\t\t<div class=\"elementor-element elementor-element-f31d8ba elementor-widget-tablet__width-inherit elementor-hidden-mobile elementor-invisible elementor-widget elementor-widget-heading\" data-id=\"f31d8ba\" data-element_type=\"widget\" data-e-type=\"widget\" data-settings=\"{&quot;_animation&quot;:&quot;fadeInUp&quot;}\" data-widget_type=\"heading.default\">\n\t\t\t\t<div class=\"elementor-widget-container\">\n\t\t\t\t\t<h2 class=\"elementor-heading-title elementor-size-default\">Fred Billings<\/h2>\t\t\t\t<\/div>\n\t\t\t\t<\/div>\n\t\t\t\t<div class=\"elementor-element elementor-element-2fdf455f elementor-invisible elementor-widget elementor-widget-text-editor\" data-id=\"2fdf455f\" data-element_type=\"widget\" data-e-type=\"widget\" data-settings=\"{&quot;_animation&quot;:&quot;fadeInUp&quot;}\" data-widget_type=\"text-editor.default\">\n\t\t\t\t<div class=\"elementor-widget-container\">\n\t\t\t\t\t\t\t\t\t<p><span style=\"font-weight: 400;\">Fred Billings tiene d\u00e9cadas de experiencia cultivando verduras org\u00e1nicas frescas y compartiendo habilidades de liderazgo din\u00e1mico. Su viaje, arraigado en el suelo, contin\u00faa inspirando a individuos y comunidades a cultivar vidas sostenibles y significativas. <\/span><\/p>\t\t\t\t\t\t\t\t<\/div>\n\t\t\t\t<\/div>\n\t\t\t\t<\/div>\n\t\t\t\t<\/div>\n\t\t<div class=\"elementor-element elementor-element-181bb462 e-con-full e-flex e-con e-child\" data-id=\"181bb462\" data-element_type=\"container\" data-e-type=\"container\">\n\t\t\t\t<div class=\"elementor-element elementor-element-67301f76 elementor-widget-tablet__width-inherit elementor-hidden-desktop elementor-invisible elementor-widget elementor-widget-heading\" data-id=\"67301f76\" data-element_type=\"widget\" data-e-type=\"widget\" data-settings=\"{&quot;_animation&quot;:&quot;fadeInUp&quot;}\" data-widget_type=\"heading.default\">\n\t\t\t\t<div class=\"elementor-widget-container\">\n\t\t\t\t\t<h2 class=\"elementor-heading-title elementor-size-default\">Brittney Hale<\/h2>\t\t\t\t<\/div>\n\t\t\t\t<\/div>\n\t\t\t\t<div class=\"elementor-element elementor-element-44633e11 elementor-widget-tablet__width-initial elementor-invisible elementor-widget elementor-widget-image\" data-id=\"44633e11\" data-element_type=\"widget\" data-e-type=\"widget\" data-settings=\"{&quot;_animation&quot;:&quot;fadeInUp&quot;}\" data-widget_type=\"image.default\">\n\t\t\t\t<div class=\"elementor-widget-container\">\n\t\t\t\t\t\t\t\t\t\t\t\t\t\t\t<img decoding=\"async\" width=\"768\" height=\"1024\" src=\"https:\/\/www.gardenforlife.site\/wp-content\/uploads\/2025\/01\/brittney-hale-and-kids-1-768x1024.jpg\" class=\"attachment-large size-large wp-image-5273\" alt=\"\" srcset=\"https:\/\/www.gardenforlife.site\/wp-content\/uploads\/2025\/01\/brittney-hale-and-kids-1-768x1024.jpg 768w, https:\/\/www.gardenforlife.site\/wp-content\/uploads\/2025\/01\/brittney-hale-and-kids-1-225x300.jpg 225w, https:\/\/www.gardenforlife.site\/wp-content\/uploads\/2025\/01\/brittney-hale-and-kids-1-1152x1536.jpg 1152w, https:\/\/www.gardenforlife.site\/wp-content\/uploads\/2025\/01\/brittney-hale-and-kids-1-1536x2048.jpg 1536w, https:\/\/www.gardenforlife.site\/wp-content\/uploads\/2025\/01\/brittney-hale-and-kids-1-scaled.jpg 1920w\" sizes=\"(max-width: 768px) 100vw, 768px\" \/>\t\t\t\t\t\t\t\t\t\t\t\t\t\t\t<\/div>\n\t\t\t\t<\/div>\n\t\t<div class=\"elementor-element elementor-element-179fd5a9 e-con-full e-flex e-con e-child\" data-id=\"179fd5a9\" data-element_type=\"container\" data-e-type=\"container\">\n\t\t\t\t<div class=\"elementor-element elementor-element-7a11aae8 elementor-widget-tablet__width-inherit elementor-hidden-mobile elementor-invisible elementor-widget elementor-widget-heading\" data-id=\"7a11aae8\" data-element_type=\"widget\" data-e-type=\"widget\" data-settings=\"{&quot;_animation&quot;:&quot;fadeInUp&quot;}\" data-widget_type=\"heading.default\">\n\t\t\t\t<div class=\"elementor-widget-container\">\n\t\t\t\t\t<h2 class=\"elementor-heading-title elementor-size-default\">Brittney Hale<\/h2>\t\t\t\t<\/div>\n\t\t\t\t<\/div>\n\t\t\t\t<div class=\"elementor-element elementor-element-46d6ae3c elementor-invisible elementor-widget elementor-widget-text-editor\" data-id=\"46d6ae3c\" data-element_type=\"widget\" data-e-type=\"widget\" data-settings=\"{&quot;_animation&quot;:&quot;fadeInUp&quot;}\" data-widget_type=\"text-editor.default\">\n\t\t\t\t<div class=\"elementor-widget-container\">\n\t\t\t\t\t\t\t\t\t<p>Brittney, chica de granja y ciudad, creci\u00f3 inmersa en la agricultura org\u00e1nica. Graduada de la Universidad Texas A&amp;M con mucha experiencia internacional, Brittney proporciona a GfL un soporte administrativo de primer nivel que permite a nuestro equipo centrarse en la creaci\u00f3n y producci\u00f3n de herramientas y recursos de GardenforLIFE. <\/p>\t\t\t\t\t\t\t\t<\/div>\n\t\t\t\t<\/div>\n\t\t\t\t<\/div>\n\t\t\t\t<\/div>\n\t\t\t\t<\/div>\n\t\t<div class=\"elementor-element elementor-element-fe2941e e-con-full e-flex e-con e-child\" data-id=\"fe2941e\" data-element_type=\"container\" data-e-type=\"container\">\n\t\t<div class=\"elementor-element elementor-element-5afd488 e-con-full e-flex e-con e-child\" data-id=\"5afd488\" data-element_type=\"container\" data-e-type=\"container\">\n\t\t\t\t<div class=\"elementor-element elementor-element-4d5863d elementor-widget-tablet__width-inherit elementor-hidden-desktop elementor-hidden-tablet elementor-invisible elementor-widget elementor-widget-heading\" data-id=\"4d5863d\" data-element_type=\"widget\" data-e-type=\"widget\" data-settings=\"{&quot;_animation&quot;:&quot;fadeInUp&quot;}\" data-widget_type=\"heading.default\">\n\t\t\t\t<div class=\"elementor-widget-container\">\n\t\t\t\t\t<h2 class=\"elementor-heading-title elementor-size-default\">Michael VanderMate<\/h2>\t\t\t\t<\/div>\n\t\t\t\t<\/div>\n\t\t\t\t<div class=\"elementor-element elementor-element-29fd547 elementor-widget-tablet__width-inherit elementor-invisible elementor-widget elementor-widget-image\" data-id=\"29fd547\" data-element_type=\"widget\" data-e-type=\"widget\" data-settings=\"{&quot;_animation&quot;:&quot;fadeInUp&quot;}\" data-widget_type=\"image.default\">\n\t\t\t\t<div class=\"elementor-widget-container\">\n\t\t\t\t\t\t\t\t\t\t\t\t\t\t\t<img decoding=\"async\" width=\"561\" height=\"567\" src=\"https:\/\/www.gardenforlife.site\/wp-content\/uploads\/2025\/02\/Michael-VanderMate.webp\" class=\"attachment-large size-large wp-image-5267\" alt=\"\" srcset=\"https:\/\/www.gardenforlife.site\/wp-content\/uploads\/2025\/02\/Michael-VanderMate.webp 561w, https:\/\/www.gardenforlife.site\/wp-content\/uploads\/2025\/02\/Michael-VanderMate-297x300.webp 297w\" sizes=\"(max-width: 561px) 100vw, 561px\" \/>\t\t\t\t\t\t\t\t\t\t\t\t\t\t\t<\/div>\n\t\t\t\t<\/div>\n\t\t<div class=\"elementor-element elementor-element-254b1e8 e-con-full e-flex e-con e-child\" data-id=\"254b1e8\" data-element_type=\"container\" data-e-type=\"container\">\n\t\t\t\t<div class=\"elementor-element elementor-element-dc60eba elementor-widget-tablet__width-inherit elementor-hidden-mobile elementor-invisible elementor-widget elementor-widget-heading\" data-id=\"dc60eba\" data-element_type=\"widget\" data-e-type=\"widget\" data-settings=\"{&quot;_animation&quot;:&quot;fadeInUp&quot;}\" data-widget_type=\"heading.default\">\n\t\t\t\t<div class=\"elementor-widget-container\">\n\t\t\t\t\t<h2 class=\"elementor-heading-title elementor-size-default\">Michael VanderMate<\/h2>\t\t\t\t<\/div>\n\t\t\t\t<\/div>\n\t\t\t\t<div class=\"elementor-element elementor-element-aac9c8a elementor-invisible elementor-widget elementor-widget-text-editor\" data-id=\"aac9c8a\" data-element_type=\"widget\" data-e-type=\"widget\" data-settings=\"{&quot;_animation&quot;:&quot;fadeInUp&quot;}\" data-widget_type=\"text-editor.default\">\n\t\t\t\t<div class=\"elementor-widget-container\">\n\t\t\t\t\t\t\t\t\t<p>Con experiencia en varias industrias creativas, el principio rector de Michael es \u00abpermitir experiencias impactantes\u00bb. Asumir el papel de director creativo aqu\u00ed en GfL fue algo natural, alineando su experiencia creativa con la visi\u00f3n del proyecto. Con sus esfuerzos, pretende facilitar la transici\u00f3n de GfL a la arena digital.  <\/p>\t\t\t\t\t\t\t\t<\/div>\n\t\t\t\t<\/div>\n\t\t\t\t<\/div>\n\t\t\t\t<\/div>\n\t\t<div class=\"elementor-element elementor-element-238c31f e-con-full e-flex e-con e-child\" data-id=\"238c31f\" data-element_type=\"container\" data-e-type=\"container\">\n\t\t\t\t<div class=\"elementor-element elementor-element-ec9e6c7 elementor-widget-tablet__width-inherit elementor-hidden-desktop elementor-invisible elementor-widget elementor-widget-heading\" data-id=\"ec9e6c7\" data-element_type=\"widget\" data-e-type=\"widget\" data-settings=\"{&quot;_animation&quot;:&quot;fadeInUp&quot;}\" data-widget_type=\"heading.default\">\n\t\t\t\t<div class=\"elementor-widget-container\">\n\t\t\t\t\t<h2 class=\"elementor-heading-title elementor-size-default\">Barbara Billings<\/h2>\t\t\t\t<\/div>\n\t\t\t\t<\/div>\n\t\t\t\t<div class=\"elementor-element elementor-element-0bf6598 elementor-widget-tablet__width-initial elementor-invisible elementor-widget elementor-widget-image\" data-id=\"0bf6598\" data-element_type=\"widget\" data-e-type=\"widget\" data-settings=\"{&quot;_animation&quot;:&quot;fadeInUp&quot;}\" data-widget_type=\"image.default\">\n\t\t\t\t<div class=\"elementor-widget-container\">\n\t\t\t\t\t\t\t\t\t\t\t\t\t\t\t<img loading=\"lazy\" decoding=\"async\" width=\"584\" height=\"557\" src=\"https:\/\/www.gardenforlife.site\/wp-content\/uploads\/2025\/02\/Barbara-Billings.webp\" class=\"attachment-large size-large wp-image-5268\" alt=\"\" srcset=\"https:\/\/www.gardenforlife.site\/wp-content\/uploads\/2025\/02\/Barbara-Billings.webp 584w, https:\/\/www.gardenforlife.site\/wp-content\/uploads\/2025\/02\/Barbara-Billings-300x286.webp 300w\" sizes=\"(max-width: 584px) 100vw, 584px\" \/>\t\t\t\t\t\t\t\t\t\t\t\t\t\t\t<\/div>\n\t\t\t\t<\/div>\n\t\t<div class=\"elementor-element elementor-element-3d6037b e-con-full e-flex e-con e-child\" data-id=\"3d6037b\" data-element_type=\"container\" data-e-type=\"container\">\n\t\t\t\t<div class=\"elementor-element elementor-element-e04cbfa elementor-widget-tablet__width-inherit elementor-hidden-mobile elementor-invisible elementor-widget elementor-widget-heading\" data-id=\"e04cbfa\" data-element_type=\"widget\" data-e-type=\"widget\" data-settings=\"{&quot;_animation&quot;:&quot;fadeInUp&quot;}\" data-widget_type=\"heading.default\">\n\t\t\t\t<div class=\"elementor-widget-container\">\n\t\t\t\t\t<h2 class=\"elementor-heading-title elementor-size-default\">Barbara Billings<\/h2>\t\t\t\t<\/div>\n\t\t\t\t<\/div>\n\t\t\t\t<div class=\"elementor-element elementor-element-16c1a79 elementor-invisible elementor-widget elementor-widget-text-editor\" data-id=\"16c1a79\" data-element_type=\"widget\" data-e-type=\"widget\" data-settings=\"{&quot;_animation&quot;:&quot;fadeInUp&quot;}\" data-widget_type=\"text-editor.default\">\n\t\t\t\t<div class=\"elementor-widget-container\">\n\t\t\t\t\t\t\t\t\t<p>La alegr\u00eda del jard\u00edn, lleno de VIDA, y la esposa del granjero Fred. La amplia experiencia de Barbie en agricultura, familia, comida y contabilidad mantiene a GfL avanzando. Su disposici\u00f3n amistosa y su amor por la gente son sus \u00abarmas secretas\u00bb.  <\/p>\t\t\t\t\t\t\t\t<\/div>\n\t\t\t\t<\/div>\n\t\t\t\t<\/div>\n\t\t\t\t<\/div>\n\t\t\t\t<\/div>\n\t\t<div class=\"elementor-element elementor-element-9d44fa2 e-con-full e-flex e-con e-child\" data-id=\"9d44fa2\" data-element_type=\"container\" data-e-type=\"container\">\n\t\t<div class=\"elementor-element elementor-element-26fa89e e-con-full e-flex e-con e-child\" data-id=\"26fa89e\" data-element_type=\"container\" data-e-type=\"container\">\n\t\t\t\t<div class=\"elementor-element elementor-element-40c7fff elementor-widget-tablet__width-inherit elementor-hidden-desktop elementor-hidden-tablet elementor-invisible elementor-widget elementor-widget-heading\" data-id=\"40c7fff\" data-element_type=\"widget\" data-e-type=\"widget\" data-settings=\"{&quot;_animation&quot;:&quot;fadeInUp&quot;}\" data-widget_type=\"heading.default\">\n\t\t\t\t<div class=\"elementor-widget-container\">\n\t\t\t\t\t<h2 class=\"elementor-heading-title elementor-size-default\">James Burgess<\/h2>\t\t\t\t<\/div>\n\t\t\t\t<\/div>\n\t\t\t\t<div class=\"elementor-element elementor-element-9c013df elementor-widget-tablet__width-inherit elementor-invisible elementor-widget elementor-widget-image\" data-id=\"9c013df\" data-element_type=\"widget\" data-e-type=\"widget\" data-settings=\"{&quot;_animation&quot;:&quot;fadeInUp&quot;}\" data-widget_type=\"image.default\">\n\t\t\t\t<div class=\"elementor-widget-container\">\n\t\t\t\t\t\t\t\t\t\t\t\t\t\t\t<img loading=\"lazy\" decoding=\"async\" width=\"571\" height=\"433\" src=\"https:\/\/www.gardenforlife.site\/wp-content\/uploads\/2025\/02\/James-Burgess.webp\" class=\"attachment-large size-large wp-image-5269\" alt=\"\" srcset=\"https:\/\/www.gardenforlife.site\/wp-content\/uploads\/2025\/02\/James-Burgess.webp 571w, https:\/\/www.gardenforlife.site\/wp-content\/uploads\/2025\/02\/James-Burgess-300x227.webp 300w\" sizes=\"(max-width: 571px) 100vw, 571px\" \/>\t\t\t\t\t\t\t\t\t\t\t\t\t\t\t<\/div>\n\t\t\t\t<\/div>\n\t\t<div class=\"elementor-element elementor-element-7f26f34 e-con-full e-flex e-con e-child\" data-id=\"7f26f34\" data-element_type=\"container\" data-e-type=\"container\">\n\t\t\t\t<div class=\"elementor-element elementor-element-4ded895 elementor-widget-tablet__width-inherit elementor-hidden-mobile elementor-invisible elementor-widget elementor-widget-heading\" data-id=\"4ded895\" data-element_type=\"widget\" data-e-type=\"widget\" data-settings=\"{&quot;_animation&quot;:&quot;fadeInUp&quot;}\" data-widget_type=\"heading.default\">\n\t\t\t\t<div class=\"elementor-widget-container\">\n\t\t\t\t\t<h2 class=\"elementor-heading-title elementor-size-default\">James Burgess<\/h2>\t\t\t\t<\/div>\n\t\t\t\t<\/div>\n\t\t\t\t<div class=\"elementor-element elementor-element-330e200 elementor-invisible elementor-widget elementor-widget-text-editor\" data-id=\"330e200\" data-element_type=\"widget\" data-e-type=\"widget\" data-settings=\"{&quot;_animation&quot;:&quot;fadeInUp&quot;}\" data-widget_type=\"text-editor.default\">\n\t\t\t\t<div class=\"elementor-widget-container\">\n\t\t\t\t\t\t\t\t\t<p>James es un cineasta veterano con m\u00e1s de 50 a\u00f1os de experiencia galardonada en la industria cinematogr\u00e1fica. Tiene una licenciatura en Ciencias en Cine y trabaja como Director de Fotograf\u00eda, Cinemat\u00f3grafo, Editor, Escritor, Productor\/Director y Supervisor de Postproducci\u00f3n. Conocido principalmente como un &#8216;narrador&#8217;, James entrelaza la competencia t\u00e9cnica con la expresi\u00f3n art\u00edstica en mensajes decididamente conmovedores.  <\/p>\t\t\t\t\t\t\t\t<\/div>\n\t\t\t\t<\/div>\n\t\t\t\t<\/div>\n\t\t\t\t<\/div>\n\t\t<div class=\"elementor-element elementor-element-8b092fe e-con-full e-flex e-con e-child\" data-id=\"8b092fe\" data-element_type=\"container\" data-e-type=\"container\">\n\t\t\t\t<div class=\"elementor-element elementor-element-d740bed elementor-widget-tablet__width-inherit elementor-hidden-desktop elementor-hidden-tablet elementor-invisible elementor-widget elementor-widget-heading\" data-id=\"d740bed\" data-element_type=\"widget\" data-e-type=\"widget\" data-settings=\"{&quot;_animation&quot;:&quot;fadeInUp&quot;}\" data-widget_type=\"heading.default\">\n\t\t\t\t<div class=\"elementor-widget-container\">\n\t\t\t\t\t<h2 class=\"elementor-heading-title elementor-size-default\">Don Peterson<\/h2>\t\t\t\t<\/div>\n\t\t\t\t<\/div>\n\t\t\t\t<div class=\"elementor-element elementor-element-c695353 elementor-widget-tablet__width-inherit elementor-invisible elementor-widget elementor-widget-image\" data-id=\"c695353\" data-element_type=\"widget\" data-e-type=\"widget\" data-settings=\"{&quot;_animation&quot;:&quot;fadeInUp&quot;}\" data-widget_type=\"image.default\">\n\t\t\t\t<div class=\"elementor-widget-container\">\n\t\t\t\t\t\t\t\t\t\t\t\t\t\t\t<img loading=\"lazy\" decoding=\"async\" width=\"578\" height=\"578\" src=\"https:\/\/www.gardenforlife.site\/wp-content\/uploads\/2025\/02\/Don-Peterson.webp\" class=\"attachment-large size-large wp-image-5270\" alt=\"\" srcset=\"https:\/\/www.gardenforlife.site\/wp-content\/uploads\/2025\/02\/Don-Peterson.webp 578w, https:\/\/www.gardenforlife.site\/wp-content\/uploads\/2025\/02\/Don-Peterson-300x300.webp 300w, https:\/\/www.gardenforlife.site\/wp-content\/uploads\/2025\/02\/Don-Peterson-150x150.webp 150w\" sizes=\"(max-width: 578px) 100vw, 578px\" \/>\t\t\t\t\t\t\t\t\t\t\t\t\t\t\t<\/div>\n\t\t\t\t<\/div>\n\t\t<div class=\"elementor-element elementor-element-53cf8e8 e-con-full e-flex e-con e-child\" data-id=\"53cf8e8\" data-element_type=\"container\" data-e-type=\"container\">\n\t\t\t\t<div class=\"elementor-element elementor-element-2b12857 elementor-widget-tablet__width-inherit elementor-hidden-mobile elementor-invisible elementor-widget elementor-widget-heading\" data-id=\"2b12857\" data-element_type=\"widget\" data-e-type=\"widget\" data-settings=\"{&quot;_animation&quot;:&quot;fadeInUp&quot;}\" data-widget_type=\"heading.default\">\n\t\t\t\t<div class=\"elementor-widget-container\">\n\t\t\t\t\t<h2 class=\"elementor-heading-title elementor-size-default\">Don Peterson<\/h2>\t\t\t\t<\/div>\n\t\t\t\t<\/div>\n\t\t\t\t<div class=\"elementor-element elementor-element-9e6239c elementor-invisible elementor-widget elementor-widget-text-editor\" data-id=\"9e6239c\" data-element_type=\"widget\" data-e-type=\"widget\" data-settings=\"{&quot;_animation&quot;:&quot;fadeInUp&quot;}\" data-widget_type=\"text-editor.default\">\n\t\t\t\t<div class=\"elementor-widget-container\">\n\t\t\t\t\t\t\t\t\t<p>Don es un Contador P\u00fablico Certificado, emprendedor y agricultor\/jardinero desde hace mucho tiempo. Experto en liderazgo y desarrollo organizacional, Don aporta d\u00e9cadas de sabidur\u00eda y experiencia profesional en negocios, coaching, tutor\u00eda y jardiner\u00eda comunitaria\/educativa al equipo. <\/p>\t\t\t\t\t\t\t\t<\/div>\n\t\t\t\t<\/div>\n\t\t\t\t<\/div>\n\t\t\t\t<\/div>\n\t\t\t\t<\/div>\n\t\t\t\t\t<\/div>\n\t\t\t\t<\/div>\n\t\t\t\t<\/div>\n\t\t","protected":false},"excerpt":{"rendered":"<p>Equipo Sobre nosotros GardenforLIFE es un gran &#8216;nosotros&#8217;. Es la VIDA producida a partir de m\u00e1s de 30 a\u00f1os de diversa colaboraci\u00f3n. El catalizador de esta alianza es nuestro Creador, que ha conectado a agricultores, jardineros, educadores, cient\u00edficos y otras personas de todos los \u00e1mbitos de la vida. Cada uno de &#8216;nosotros&#8217; est\u00e1 comprometido a [&hellip;]<\/p>\n","protected":false},"author":1,"featured_media":0,"parent":0,"menu_order":0,"comment_status":"closed","ping_status":"closed","template":"","meta":{"give_campaign_id":0,"footnotes":""},"class_list":["post-5266","page","type-page","status-publish","hentry"],"campaignId":"","_links":{"self":[{"href":"https:\/\/www.gardenforlife.site\/es\/wp-json\/wp\/v2\/pages\/5266","targetHints":{"allow":["GET"]}}],"collection":[{"href":"https:\/\/www.gardenforlife.site\/es\/wp-json\/wp\/v2\/pages"}],"about":[{"href":"https:\/\/www.gardenforlife.site\/es\/wp-json\/wp\/v2\/types\/page"}],"author":[{"embeddable":true,"href":"https:\/\/www.gardenforlife.site\/es\/wp-json\/wp\/v2\/users\/1"}],"replies":[{"embeddable":true,"href":"https:\/\/www.gardenforlife.site\/es\/wp-json\/wp\/v2\/comments?post=5266"}],"version-history":[{"count":1,"href":"https:\/\/www.gardenforlife.site\/es\/wp-json\/wp\/v2\/pages\/5266\/revisions"}],"predecessor-version":[{"id":5274,"href":"https:\/\/www.gardenforlife.site\/es\/wp-json\/wp\/v2\/pages\/5266\/revisions\/5274"}],"wp:attachment":[{"href":"https:\/\/www.gardenforlife.site\/es\/wp-json\/wp\/v2\/media?parent=5266"}],"curies":[{"name":"wp","href":"https:\/\/api.w.org\/{rel}","templated":true}]}}