{"id":5302,"date":"2025-01-29T09:39:52","date_gmt":"2025-01-29T09:39:52","guid":{"rendered":"https:\/\/gfl.skyfish.dev\/el-curso\/"},"modified":"2026-03-10T12:16:47","modified_gmt":"2026-03-10T12:16:47","slug":"el-curso","status":"publish","type":"page","link":"https:\/\/www.gardenforlife.site\/es\/el-curso\/","title":{"rendered":"El curso"},"content":{"rendered":"\t\t<div data-elementor-type=\"wp-page\" data-elementor-id=\"5302\" class=\"elementor elementor-5302 elementor-3005\" data-elementor-post-type=\"page\">\n\t\t\t\t<div class=\"elementor-element elementor-element-794446ee e-con-full e-flex e-con e-parent\" data-id=\"794446ee\" data-element_type=\"container\" data-e-type=\"container\" data-settings=\"{&quot;background_background&quot;:&quot;video&quot;,&quot;background_video_link&quot;:&quot;https:\\\/\\\/vimeo.com\\\/1064185944\\\/32ed6e83fb&quot;,&quot;background_play_on_mobile&quot;:&quot;yes&quot;}\">\n\t\t<div class=\"elementor-background-video-container\">\n\t\t\t\t\t\t\t<div class=\"elementor-background-video-embed\" role=\"presentation\"><\/div>\n\t\t\t\t\t\t<\/div>\t\t<div class=\"elementor-element elementor-element-912cd90 elementor-widget elementor-widget-heading\" data-id=\"912cd90\" data-element_type=\"widget\" data-e-type=\"widget\" data-widget_type=\"heading.default\">\n\t\t\t\t<div class=\"elementor-widget-container\">\n\t\t\t\t\t<h2 class=\"elementor-heading-title elementor-size-default\">GardenforLIFE: El curso<\/h2>\t\t\t\t<\/div>\n\t\t\t\t<\/div>\n\t\t\t\t<\/div>\n\t\t<div class=\"elementor-element elementor-element-c270ef5 e-flex e-con-boxed e-con e-parent\" data-id=\"c270ef5\" data-element_type=\"container\" data-e-type=\"container\" data-settings=\"{&quot;background_background&quot;:&quot;classic&quot;}\">\n\t\t\t\t\t<div class=\"e-con-inner\">\n\t\t<div class=\"elementor-element elementor-element-29fce3f e-con-full e-flex e-con e-child\" data-id=\"29fce3f\" data-element_type=\"container\" data-e-type=\"container\">\n\t\t<div class=\"elementor-element elementor-element-fb9ebf8 e-con-full e-flex e-con e-child\" data-id=\"fb9ebf8\" data-element_type=\"container\" data-e-type=\"container\">\n\t\t\t\t<div class=\"elementor-element elementor-element-097bc2f elementor-widget__width-initial elementor-widget elementor-widget-text-editor\" data-id=\"097bc2f\" data-element_type=\"widget\" data-e-type=\"widget\" data-widget_type=\"text-editor.default\">\n\t\t\t\t<div class=\"elementor-widget-container\">\n\t\t\t\t\t\t\t\t\t<p>El curso <strong>GardenforLIFE<\/strong> es GRATUITO porque todo el que est\u00e9 dispuesto a trabajar merece comer y vivir bien. Te invitamos a ver este breve v\u00eddeo y a descargar nuestro Manual de Formaci\u00f3n del Curso (tambi\u00e9n GRATUITO).  <\/p>\t\t\t\t\t\t\t\t<\/div>\n\t\t\t\t<\/div>\n\t\t\t\t<div class=\"elementor-element elementor-element-f002c08 elementor-widget__width-initial elementor-widget elementor-widget-text-editor\" data-id=\"f002c08\" data-element_type=\"widget\" data-e-type=\"widget\" data-widget_type=\"text-editor.default\">\n\t\t\t\t<div class=\"elementor-widget-container\">\n\t\t\t\t\t\t\t\t\t<p>El curso actual es un curso de 14 semanas que se centra en la producci\u00f3n de hortalizas. Un curso completo que cubre la adquisici\u00f3n de terrenos, los cultivos en hileras y la comercializaci\u00f3n est\u00e1 en preparaci\u00f3n y se espera que se publique a finales de 2026. <\/p>\t\t\t\t\t\t\t\t<\/div>\n\t\t\t\t<\/div>\n\t\t\t\t<div class=\"elementor-element elementor-element-74a6d3c elementor-align-center elementor-hidden-tablet elementor-hidden-mobile elementor-widget elementor-widget-button\" data-id=\"74a6d3c\" data-element_type=\"widget\" data-e-type=\"widget\" data-widget_type=\"button.default\">\n\t\t\t\t<div class=\"elementor-widget-container\">\n\t\t\t\t\t\t\t\t\t<div class=\"elementor-button-wrapper\">\n\t\t\t\t\t<a class=\"elementor-button elementor-button-link elementor-size-sm\" href=\"#register-bookmark\">\n\t\t\t\t\t\t<span class=\"elementor-button-content-wrapper\">\n\t\t\t\t\t\t<span class=\"elementor-button-icon\">\n\t\t\t\t<svg aria-hidden=\"true\" class=\"e-font-icon-svg e-fas-carrot\" viewBox=\"0 0 512 512\" xmlns=\"http:\/\/www.w3.org\/2000\/svg\"><path d=\"M298.2 156.6c-52.7-25.7-114.5-10.5-150.2 32.8l55.2 55.2c6.3 6.3 6.3 16.4 0 22.6-3.1 3.1-7.2 4.7-11.3 4.7s-8.2-1.6-11.3-4.7L130.4 217 2.3 479.7c-2.9 6-3.1 13.3 0 19.7 5.4 11.1 18.9 15.7 30 10.3l133.6-65.2-49.2-49.2c-6.3-6.2-6.3-16.4 0-22.6 6.3-6.2 16.4-6.2 22.6 0l57 57 102-49.8c24-11.7 44.5-31.3 57.1-57.1 30.1-61.7 4.5-136.1-57.2-166.2zm92.1-34.9C409.8 81 399.7 32.9 360 0c-50.3 41.7-52.5 107.5-7.9 151.9l8 8c44.4 44.6 110.3 42.4 151.9-7.9-32.9-39.7-81-49.8-121.7-30.3z\"><\/path><\/svg>\t\t\t<\/span>\n\t\t\t\t\t\t\t\t\t<span class=\"elementor-button-text\">Empezar el curso<\/span>\n\t\t\t\t\t<\/span>\n\t\t\t\t\t<\/a>\n\t\t\t\t<\/div>\n\t\t\t\t\t\t\t\t<\/div>\n\t\t\t\t<\/div>\n\t\t\t\t<\/div>\n\t\t<div class=\"elementor-element elementor-element-1be5ba1 e-con-full e-flex e-con e-child\" data-id=\"1be5ba1\" data-element_type=\"container\" data-e-type=\"container\" data-settings=\"{&quot;background_background&quot;:&quot;classic&quot;}\">\n\t\t\t\t<div class=\"elementor-element elementor-element-618fe1b elementor-widget elementor-widget-video\" data-id=\"618fe1b\" data-element_type=\"widget\" data-e-type=\"widget\" data-settings=\"{&quot;youtube_url&quot;:&quot;https:\\\/\\\/youtu.be\\\/v_6nDiSXYOg&quot;,&quot;autoplay&quot;:&quot;yes&quot;,&quot;play_on_mobile&quot;:&quot;yes&quot;,&quot;mute&quot;:&quot;yes&quot;,&quot;loop&quot;:&quot;yes&quot;,&quot;video_type&quot;:&quot;youtube&quot;,&quot;controls&quot;:&quot;yes&quot;}\" data-widget_type=\"video.default\">\n\t\t\t\t<div class=\"elementor-widget-container\">\n\t\t\t\t\t\t\t<div class=\"elementor-wrapper elementor-open-inline\">\n\t\t\t<div class=\"elementor-video\"><\/div>\t\t<\/div>\n\t\t\t\t\t\t<\/div>\n\t\t\t\t<\/div>\n\t\t\t\t<\/div>\n\t\t\t\t<\/div>\n\t\t\t\t<div class=\"elementor-element elementor-element-da89b46 elementor-widget-divider--view-line elementor-widget elementor-widget-divider\" data-id=\"da89b46\" data-element_type=\"widget\" data-e-type=\"widget\" id=\"register-bookmark\" data-widget_type=\"divider.default\">\n\t\t\t\t<div class=\"elementor-widget-container\">\n\t\t\t\t\t\t\t<div class=\"elementor-divider\">\n\t\t\t<span class=\"elementor-divider-separator\">\n\t\t\t\t\t\t<\/span>\n\t\t<\/div>\n\t\t\t\t\t\t<\/div>\n\t\t\t\t<\/div>\n\t\t\t\t<div class=\"elementor-element elementor-element-68d8ab9 elementor-align-center elementor-hidden-desktop elementor-widget elementor-widget-button\" data-id=\"68d8ab9\" data-element_type=\"widget\" data-e-type=\"widget\" data-widget_type=\"button.default\">\n\t\t\t\t<div class=\"elementor-widget-container\">\n\t\t\t\t\t\t\t\t\t<div class=\"elementor-button-wrapper\">\n\t\t\t\t\t<a class=\"elementor-button elementor-button-link elementor-size-sm\" href=\"#register-bookmark\">\n\t\t\t\t\t\t<span class=\"elementor-button-content-wrapper\">\n\t\t\t\t\t\t<span class=\"elementor-button-icon\">\n\t\t\t\t<svg aria-hidden=\"true\" class=\"e-font-icon-svg e-fas-carrot\" viewBox=\"0 0 512 512\" xmlns=\"http:\/\/www.w3.org\/2000\/svg\"><path d=\"M298.2 156.6c-52.7-25.7-114.5-10.5-150.2 32.8l55.2 55.2c6.3 6.3 6.3 16.4 0 22.6-3.1 3.1-7.2 4.7-11.3 4.7s-8.2-1.6-11.3-4.7L130.4 217 2.3 479.7c-2.9 6-3.1 13.3 0 19.7 5.4 11.1 18.9 15.7 30 10.3l133.6-65.2-49.2-49.2c-6.3-6.2-6.3-16.4 0-22.6 6.3-6.2 16.4-6.2 22.6 0l57 57 102-49.8c24-11.7 44.5-31.3 57.1-57.1 30.1-61.7 4.5-136.1-57.2-166.2zm92.1-34.9C409.8 81 399.7 32.9 360 0c-50.3 41.7-52.5 107.5-7.9 151.9l8 8c44.4 44.6 110.3 42.4 151.9-7.9-32.9-39.7-81-49.8-121.7-30.3z\"><\/path><\/svg>\t\t\t<\/span>\n\t\t\t\t\t\t\t\t\t<span class=\"elementor-button-text\">Empezar el curso<\/span>\n\t\t\t\t\t<\/span>\n\t\t\t\t\t<\/a>\n\t\t\t\t<\/div>\n\t\t\t\t\t\t\t\t<\/div>\n\t\t\t\t<\/div>\n\t\t\t\t\t<\/div>\n\t\t\t\t<\/div>\n\t\t<div class=\"elementor-element elementor-element-6e903671 e-flex e-con-boxed e-con e-parent\" data-id=\"6e903671\" data-element_type=\"container\" data-e-type=\"container\" data-settings=\"{&quot;background_background&quot;:&quot;classic&quot;}\">\n\t\t\t\t\t<div class=\"e-con-inner\">\n\t\t\t\t<div class=\"elementor-element elementor-element-1117e206 elementor-widget elementor-widget-heading\" data-id=\"1117e206\" data-element_type=\"widget\" data-e-type=\"widget\" data-widget_type=\"heading.default\">\n\t\t\t\t<div class=\"elementor-widget-container\">\n\t\t\t\t\t<h2 class=\"elementor-heading-title elementor-size-default\">Reg\u00edstrate en el Curso Hoy<\/h2>\t\t\t\t<\/div>\n\t\t\t\t<\/div>\n\t\t\t\t<div class=\"elementor-element elementor-element-564dc9cc elementor-widget__width-initial elementor-widget elementor-widget-text-editor\" data-id=\"564dc9cc\" data-element_type=\"widget\" data-e-type=\"widget\" data-widget_type=\"text-editor.default\">\n\t\t\t\t<div class=\"elementor-widget-container\">\n\t\t\t\t\t\t\t\t\t<p>\u00a1Obt\u00e9n el curso en video de 14 semanas y la gu\u00eda de campo de GardenforLIFE gratis!<\/p>\t\t\t\t\t\t\t\t<\/div>\n\t\t\t\t<\/div>\n\t\t<div class=\"elementor-element elementor-element-30450590 e-con-full e-flex e-con e-child\" data-id=\"30450590\" data-element_type=\"container\" data-e-type=\"container\">\n\t\t<div class=\"elementor-element elementor-element-37b6a481 e-con-full e-flex e-con e-child\" data-id=\"37b6a481\" data-element_type=\"container\" data-e-type=\"container\">\n\t\t\t\t<div class=\"elementor-element elementor-element-7ccd2f6e elementor-widget elementor-widget-image\" data-id=\"7ccd2f6e\" data-element_type=\"widget\" data-e-type=\"widget\" data-widget_type=\"image.default\">\n\t\t\t\t<div class=\"elementor-widget-container\">\n\t\t\t\t\t\t\t\t\t\t\t\t\t\t\t<img fetchpriority=\"high\" decoding=\"async\" width=\"672\" height=\"815\" src=\"https:\/\/www.gardenforlife.site\/wp-content\/uploads\/2025\/01\/GfL-cover.webp\" class=\"attachment-large size-large wp-image-5303\" alt=\"\" srcset=\"https:\/\/www.gardenforlife.site\/wp-content\/uploads\/2025\/01\/GfL-cover.webp 672w, https:\/\/www.gardenforlife.site\/wp-content\/uploads\/2025\/01\/GfL-cover-247x300.webp 247w\" sizes=\"(max-width: 672px) 100vw, 672px\" \/>\t\t\t\t\t\t\t\t\t\t\t\t\t\t\t<\/div>\n\t\t\t\t<\/div>\n\t\t\t\t<div class=\"elementor-element elementor-element-6d73e3a5 elementor-widget elementor-widget-text-editor\" data-id=\"6d73e3a5\" data-element_type=\"widget\" data-e-type=\"widget\" data-widget_type=\"text-editor.default\">\n\t\t\t\t<div class=\"elementor-widget-container\">\n\t\t\t\t\t\t\t\t\t<p><span data-olk-copy-source=\"MessageBody\">*El manual del curso est\u00e1 en proceso de traducci\u00f3n a los dem\u00e1s idiomas. Agradecemos tu paciencia.* <\/span><\/p>\t\t\t\t\t\t\t\t<\/div>\n\t\t\t\t<\/div>\n\t\t\t\t<\/div>\n\t\t<div class=\"elementor-element elementor-element-514cfdcd e-con-full e-flex e-con e-child\" data-id=\"514cfdcd\" data-element_type=\"container\" data-e-type=\"container\">\n\t\t<div class=\"elementor-element elementor-element-3a21bf7c e-con-full e-flex elementor-invisible e-con e-child\" data-id=\"3a21bf7c\" data-element_type=\"container\" data-e-type=\"container\" data-settings=\"{&quot;background_background&quot;:&quot;classic&quot;,&quot;animation&quot;:&quot;fadeInUp&quot;}\">\n\t\t\t\t<div class=\"elementor-element elementor-element-5e105cc2 elementor-widget elementor-widget-heading\" data-id=\"5e105cc2\" data-element_type=\"widget\" data-e-type=\"widget\" data-widget_type=\"heading.default\">\n\t\t\t\t<div class=\"elementor-widget-container\">\n\t\t\t\t\t<h2 class=\"elementor-heading-title elementor-size-default\">Reg\u00edstrate Aqu\u00ed<\/h2>\t\t\t\t<\/div>\n\t\t\t\t<\/div>\n\t\t<div class=\"elementor-element elementor-element-1ca55dc1 e-flex e-con-boxed e-con e-child\" data-id=\"1ca55dc1\" data-element_type=\"container\" data-e-type=\"container\">\n\t\t\t\t\t<div class=\"e-con-inner\">\n\t\t\t\t<div class=\"elementor-element elementor-element-235979c9 elementor-widget elementor-widget-html\" data-id=\"235979c9\" data-element_type=\"widget\" data-e-type=\"widget\" data-widget_type=\"html.default\">\n\t\t\t\t<div class=\"elementor-widget-container\">\n\t\t\t\t\t<div class=\"gfl-embed gfl-lang-en\">\r\n  <iframe src=\"https:\/\/link.skyfish.dev\/widget\/form\/dNoZ82rYhAGYyIXP5kDu\" style=\"width:100%;height:529px;border:none;border-radius:0px\" title=\"English Form\"><\/iframe>\r\n<\/div>\r\n\r\n<div class=\"gfl-embed gfl-lang-ar\" style=\"display:none\">\r\n  <iframe src=\"https:\/\/link.skyfish.dev\/widget\/form\/a11SoHk6OpooQ6P29NoQ\" style=\"width:100%;height:529px;border:none;border-radius:0px\" title=\"Arabic Form\"><\/iframe>\r\n<\/div>\r\n\r\n<div class=\"gfl-embed gfl-lang-fr\" style=\"display:none\">\r\n  <iframe src=\"https:\/\/link.skyfish.dev\/widget\/form\/JKdTzUqpOYg8SKCVNLar\" style=\"width:100%;height:529px;border:none;border-radius:0px\" title=\"French Form\"><\/iframe>\r\n<\/div>\r\n\r\n<div class=\"gfl-embed gfl-lang-hi\" style=\"display:none\">\r\n  <iframe src=\"https:\/\/link.skyfish.dev\/widget\/form\/0B5gE7daHHWx6THkaLFn\" style=\"width:100%;height:529px;border:none;border-radius:0px\" title=\"Hindi Form\"><\/iframe>\r\n<\/div>\r\n\r\n<div class=\"gfl-embed gfl-lang-km\" style=\"display:none\">\r\n  <iframe src=\"https:\/\/link.skyfish.dev\/widget\/form\/N53xIcg8KGyfflwHcD42\" style=\"width:100%;height:529px;border:none;border-radius:0px\" title=\"Khmer Form\"><\/iframe>\r\n<\/div>\r\n\r\n<div class=\"gfl-embed gfl-lang-zh-hans\" style=\"display:none\">\r\n  <iframe src=\"https:\/\/link.skyfish.dev\/widget\/form\/2DpnAKB3iJXnW8alHxln\" style=\"width:100%;height:529px;border:none;border-radius:0px\" title=\"Chinese Form\"><\/iframe>\r\n<\/div>\r\n\r\n<div class=\"gfl-embed gfl-lang-pt-pt\" style=\"display:none\">\r\n  <iframe src=\"https:\/\/link.skyfish.dev\/widget\/form\/3B8IZ70eMtr8315ZNscI\" style=\"width:100%;height:529px;border:none;border-radius:0px\" title=\"Portuguese Form\"><\/iframe>\r\n<\/div>\r\n\r\n<div class=\"gfl-embed gfl-lang-es\" style=\"display:none\">\r\n  <iframe src=\"https:\/\/link.skyfish.dev\/widget\/form\/dNoZ82rYhAGYyIXP5kDu\" style=\"width:100%;height:529px;border:none;border-radius:0px\" title=\"Spanish Form\"><\/iframe>\r\n<\/div>\r\n\r\n<script>\r\n(function () {\r\n\r\n  function getLangFromURL() {\r\n    var first = (location.pathname.split(\"\/\")[1] || \"\").toLowerCase();\r\n\r\n    \/\/ English pages (root OR \/course\/)\r\n    if (first === \"\" || first === \"course\" || first === \"en\") return \"en\";\r\n\r\n    \/\/ WPML folders\r\n    var allowed = [\"ar\",\"fr\",\"hi\",\"km\",\"es\",\"pt-pt\",\"zh-hans\"];\r\n    if (allowed.includes(first)) return first;\r\n\r\n    return \"en\";\r\n  }\r\n\r\n  function apply() {\r\n    var lang = getLangFromURL();\r\n\r\n    \/\/ hide all\r\n    document.querySelectorAll(\".gfl-embed\").forEach(function(el){\r\n      el.style.display = \"none\";\r\n    });\r\n\r\n    \/\/ show correct\r\n    var target = document.querySelector(\".gfl-lang-\" + lang);\r\n    if (target) target.style.display = \"block\";\r\n    else {\r\n      \/\/ fallback to English if not found\r\n      var en = document.querySelector(\".gfl-lang-en\");\r\n      if (en) en.style.display = \"block\";\r\n    }\r\n  }\r\n\r\n  \/\/ run + keep trying (Elementor\/WPML delay)\r\n  apply();\r\n  var start = Date.now();\r\n  var t = setInterval(function(){\r\n    apply();\r\n    if (Date.now() - start &gt; 15000) clearInterval(t);\r\n  }, 300);\r\n\r\n})();\r\n<\/script>\r\n\t\t\t\t<\/div>\n\t\t\t\t<\/div>\n\t\t\t\t\t<\/div>\n\t\t\t\t<\/div>\n\t\t\t\t<div class=\"elementor-element elementor-element-594150ed elementor-absolute elementor-view-default elementor-widget elementor-widget-icon\" data-id=\"594150ed\" data-element_type=\"widget\" data-e-type=\"widget\" data-settings=\"{&quot;_position&quot;:&quot;absolute&quot;}\" data-widget_type=\"icon.default\">\n\t\t\t\t<div class=\"elementor-widget-container\">\n\t\t\t\t\t\t\t<div class=\"elementor-icon-wrapper\">\n\t\t\t<div class=\"elementor-icon\">\n\t\t\t<svg xmlns=\"http:\/\/www.w3.org\/2000\/svg\" xmlns:xlink=\"http:\/\/www.w3.org\/1999\/xlink\" xmlns:serif=\"http:\/\/www.serif.com\/\" width=\"100%\" height=\"100%\" viewBox=\"0 0 64 64\" xml:space=\"preserve\" style=\"fill-rule:evenodd;clip-rule:evenodd;stroke-linejoin:round;stroke-miterlimit:2;\">    <g transform=\"matrix(1,0,0,1,-18.007,-18.007)\">        <path d=\"M50,81.993L18.007,50L50,18.007L81.993,50L50,81.993ZM50,66.291L66.291,50L50,33.709L33.709,50L50,66.291Z\" style=\"fill:rgb(62,25,23);fill-rule:nonzero;\"><\/path>        <path d=\"M50,33.709L66.291,50L50,66.574L33.634,50L50,33.709\" style=\"fill:rgb(248,244,227);\"><\/path>    <\/g><\/svg>\t\t\t<\/div>\n\t\t<\/div>\n\t\t\t\t\t\t<\/div>\n\t\t\t\t<\/div>\n\t\t\t\t<div class=\"elementor-element elementor-element-36be6861 elementor-absolute elementor-view-default elementor-widget elementor-widget-icon\" data-id=\"36be6861\" data-element_type=\"widget\" data-e-type=\"widget\" data-settings=\"{&quot;_position&quot;:&quot;absolute&quot;}\" data-widget_type=\"icon.default\">\n\t\t\t\t<div class=\"elementor-widget-container\">\n\t\t\t\t\t\t\t<div class=\"elementor-icon-wrapper\">\n\t\t\t<div class=\"elementor-icon\">\n\t\t\t<svg xmlns=\"http:\/\/www.w3.org\/2000\/svg\" xmlns:xlink=\"http:\/\/www.w3.org\/1999\/xlink\" xmlns:serif=\"http:\/\/www.serif.com\/\" width=\"100%\" height=\"100%\" viewBox=\"0 0 64 64\" xml:space=\"preserve\" style=\"fill-rule:evenodd;clip-rule:evenodd;stroke-linejoin:round;stroke-miterlimit:2;\">    <g transform=\"matrix(1,0,0,1,-18.007,-18.007)\">        <path d=\"M50,81.993L18.007,50L50,18.007L81.993,50L50,81.993ZM50,66.291L66.291,50L50,33.709L33.709,50L50,66.291Z\" style=\"fill:rgb(62,25,23);fill-rule:nonzero;\"><\/path>        <path d=\"M50,33.709L66.291,50L50,66.574L33.634,50L50,33.709\" style=\"fill:rgb(248,244,227);\"><\/path>    <\/g><\/svg>\t\t\t<\/div>\n\t\t<\/div>\n\t\t\t\t\t\t<\/div>\n\t\t\t\t<\/div>\n\t\t\t\t<\/div>\n\t\t\t\t<\/div>\n\t\t\t\t<\/div>\n\t\t\t\t\t<\/div>\n\t\t\t\t<\/div>\n\t\t\t\t<\/div>\n\t\t","protected":false},"excerpt":{"rendered":"<p>GardenforLIFE: El curso El curso GardenforLIFE es GRATUITO porque todo el que est\u00e9 dispuesto a trabajar merece comer y vivir bien. Te invitamos a ver este breve v\u00eddeo y a descargar nuestro Manual de Formaci\u00f3n del Curso (tambi\u00e9n GRATUITO). El curso actual es un curso de 14 semanas que se centra en la producci\u00f3n de [&hellip;]<\/p>\n","protected":false},"author":1,"featured_media":0,"parent":0,"menu_order":0,"comment_status":"closed","ping_status":"closed","template":"","meta":{"give_campaign_id":0,"footnotes":""},"class_list":["post-5302","page","type-page","status-publish","hentry"],"campaignId":"","_links":{"self":[{"href":"https:\/\/www.gardenforlife.site\/es\/wp-json\/wp\/v2\/pages\/5302","targetHints":{"allow":["GET"]}}],"collection":[{"href":"https:\/\/www.gardenforlife.site\/es\/wp-json\/wp\/v2\/pages"}],"about":[{"href":"https:\/\/www.gardenforlife.site\/es\/wp-json\/wp\/v2\/types\/page"}],"author":[{"embeddable":true,"href":"https:\/\/www.gardenforlife.site\/es\/wp-json\/wp\/v2\/users\/1"}],"replies":[{"embeddable":true,"href":"https:\/\/www.gardenforlife.site\/es\/wp-json\/wp\/v2\/comments?post=5302"}],"version-history":[{"count":9,"href":"https:\/\/www.gardenforlife.site\/es\/wp-json\/wp\/v2\/pages\/5302\/revisions"}],"predecessor-version":[{"id":6884,"href":"https:\/\/www.gardenforlife.site\/es\/wp-json\/wp\/v2\/pages\/5302\/revisions\/6884"}],"wp:attachment":[{"href":"https:\/\/www.gardenforlife.site\/es\/wp-json\/wp\/v2\/media?parent=5302"}],"curies":[{"name":"wp","href":"https:\/\/api.w.org\/{rel}","templated":true}]}}