{"id":5690,"date":"2025-01-29T03:44:33","date_gmt":"2025-01-29T03:44:33","guid":{"rendered":"https:\/\/gfl.skyfish.dev\/politica-de-privacidad\/"},"modified":"2026-02-03T04:13:13","modified_gmt":"2026-02-03T04:13:13","slug":"politica-de-privacidad","status":"publish","type":"page","link":"https:\/\/www.gardenforlife.site\/es\/politica-de-privacidad\/","title":{"rendered":"Pol\u00edtica de privacidad"},"content":{"rendered":"\t\t<div data-elementor-type=\"wp-page\" data-elementor-id=\"5690\" class=\"elementor elementor-5690 elementor-2872\" data-elementor-post-type=\"page\">\n\t\t\t\t<div class=\"elementor-element elementor-element-a802d98 e-flex e-con-boxed e-con e-parent\" data-id=\"a802d98\" data-element_type=\"container\" data-e-type=\"container\" data-settings=\"{&quot;background_background&quot;:&quot;classic&quot;}\">\n\t\t\t\t\t<div class=\"e-con-inner\">\n\t\t\t\t<div class=\"elementor-element elementor-element-20c22d1 elementor-widget elementor-widget-heading\" data-id=\"20c22d1\" data-element_type=\"widget\" data-e-type=\"widget\" data-widget_type=\"heading.default\">\n\t\t\t\t<div class=\"elementor-widget-container\">\n\t\t\t\t\t<h2 class=\"elementor-heading-title elementor-size-default\">Pol\u00edtica de privacidad<\/h2>\t\t\t\t<\/div>\n\t\t\t\t<\/div>\n\t\t\t\t\t<\/div>\n\t\t\t\t<\/div>\n\t\t<div class=\"elementor-element elementor-element-000b158 e-flex e-con-boxed e-con e-parent\" data-id=\"000b158\" data-element_type=\"container\" data-e-type=\"container\">\n\t\t\t\t\t<div class=\"e-con-inner\">\n\t\t\t\t<div class=\"elementor-element elementor-element-a08ab68 elementor-widget elementor-widget-heading\" data-id=\"a08ab68\" data-element_type=\"widget\" data-e-type=\"widget\" data-widget_type=\"heading.default\">\n\t\t\t\t<div class=\"elementor-widget-container\">\n\t\t\t\t\t<h2 class=\"elementor-heading-title elementor-size-default\">Pol\u00edtica de Privacidad del Jard\u00edn para la Vida<\/h2>\t\t\t\t<\/div>\n\t\t\t\t<\/div>\n\t\t\t\t<div class=\"elementor-element elementor-element-3146fda elementor-widget elementor-widget-text-editor\" data-id=\"3146fda\" data-element_type=\"widget\" data-e-type=\"widget\" data-widget_type=\"text-editor.default\">\n\t\t\t\t<div class=\"elementor-widget-container\">\n\t\t\t\t\t\t\t\t\t<p data-pm-slice=\"1 1 []\">Fecha de entrada en vigor de la pol\u00edtica: 29 de enero de 2025<\/p><p>1. Introducci\u00f3n<br>Jard\u00edn para la Vida (\u201cnosotros\u201d, \u201cnuestro\u201d o \u201cnos\u201d) est\u00e1 comprometido con la protecci\u00f3n de la privacidad de los visitantes de nuestro sitio web, donantes y colaboradores.<br>Esta Pol\u00edtica de Privacidad explica c\u00f3mo recopilamos, usamos, divulgamos y protegemos su informaci\u00f3n cuando visita nuestro sitio web <strong>https:\/\/gardenforlife.site<\/strong>. <\/p><p>2. Informaci\u00f3n que Recopilamos<br>Podemos recopilar los siguientes tipos de informaci\u00f3n:<\/p><ul data-spread=\"false\"><li><p>Informaci\u00f3n Personal: Nombre, direcci\u00f3n de correo electr\u00f3nico, direcci\u00f3n postal, n\u00famero de tel\u00e9fono y detalles de donaci\u00f3n cuando se proporcionan de manera voluntaria.<\/p><\/li><li><p>Informaci\u00f3n No Personal: Direcci\u00f3n IP, tipo de navegador, informaci\u00f3n del dispositivo y actividad de navegaci\u00f3n recopilada mediante cookies y tecnolog\u00edas similares.<\/p><\/li><\/ul><p>3. C\u00f3mo Utilizamos su Informaci\u00f3n<br>Utilizamos la informaci\u00f3n recopilada para:<\/p><ul data-spread=\"false\"><li><p>Procesar donaciones y enviar comprobantes de donaci\u00f3n.<\/p><\/li><li><p>Responder a consultas y proporcionar atenci\u00f3n al cliente.<\/p><\/li><li><p>Mejorar nuestro sitio web y nuestros servicios.<\/p><\/li><li><p>Enviar boletines informativos, actualizaciones de eventos y campa\u00f1as de recaudaci\u00f3n de fondos (solo si usted ha dado su consentimiento).<\/p><\/li><li><p>Cumplir con las obligaciones legales.<\/p><\/li><\/ul><p>4. C\u00f3mo Compartimos su Informaci\u00f3n<br>No vendemos, intercambiamos ni alquilamos su informaci\u00f3n personal. Sin embargo, podemos compartir su informaci\u00f3n con: <\/p><ul data-spread=\"false\"><li><p>Proveedores de Servicios: Proveedores externos que nos ayudan con el procesamiento de pagos, el alojamiento del sitio web o las comunicaciones por correo electr\u00f3nico.<\/p><\/li><li><p>Autoridades Legales: Cuando sea requerido por la ley o para proteger nuestros derechos legales.<\/p><\/li><\/ul><p>5. Cookies y Tecnolog\u00edas de Seguimiento<br>Utilizamos cookies y tecnolog\u00edas de seguimiento similares para mejorar la experiencia del usuario. Puede ajustar la configuraci\u00f3n de su navegador para desactivar las cookies; sin embargo, algunas funciones del sitio web pueden no funcionar correctamente. <\/p><p>6. Seguridad de los Datos<br>Implementamos medidas de seguridad adecuadas para proteger su informaci\u00f3n personal. Sin embargo, ning\u00fan m\u00e9todo de transmisi\u00f3n por Internet es 100 % seguro. <\/p><p>7. Enlaces a Terceros<br>Nuestro sitio web puede contener enlaces a sitios de terceros. No somos responsables de sus pr\u00e1cticas de privacidad y le recomendamos revisar sus pol\u00edticas. <\/p><p>8. Sus Derechos y Opciones<br>Usted puede:<\/p><ul data-spread=\"false\"><li><p>Solicitar acceso a su informaci\u00f3n personal o la correcci\u00f3n de la misma.<\/p><\/li><li><p>Darse de baja de las comunicaciones de marketing en cualquier momento.<\/p><\/li><li><p>Solicitar la eliminaci\u00f3n de sus datos personales, sujeto a las obligaciones legales.<\/p><\/li><\/ul><p>9. Cambios a esta Pol\u00edtica de Privacidad<br>Podemos actualizar esta pol\u00edtica peri\u00f3dicamente. Cualquier cambio ser\u00e1 publicado en esta p\u00e1gina con una fecha de entrada en vigor actualizada. <\/p><p>10. Cont\u00e1ctenos<br>Si tiene alguna pregunta sobre esta Pol\u00edtica de Privacidad, por favor cont\u00e1ctenos en:<\/p><p>Jard\u00edn para la Vida<br>Houston, Texas<br>info@gardenforlife.site<br>+1 (281) 650-2717<\/p>\t\t\t\t\t\t\t\t<\/div>\n\t\t\t\t<\/div>\n\t\t\t\t\t<\/div>\n\t\t\t\t<\/div>\n\t\t\t\t<\/div>\n\t\t","protected":false},"excerpt":{"rendered":"<p>Pol\u00edtica de privacidad Pol\u00edtica de Privacidad del Jard\u00edn para la Vida Fecha de entrada en vigor de la pol\u00edtica: 29 de enero de 2025 1. Introducci\u00f3nJard\u00edn para la Vida (\u201cnosotros\u201d, \u201cnuestro\u201d o \u201cnos\u201d) est\u00e1 comprometido con la protecci\u00f3n de la privacidad de los visitantes de nuestro sitio web, donantes y colaboradores.Esta Pol\u00edtica de Privacidad explica [&hellip;]<\/p>\n","protected":false},"author":1,"featured_media":0,"parent":0,"menu_order":0,"comment_status":"closed","ping_status":"closed","template":"","meta":{"give_campaign_id":0,"footnotes":""},"class_list":["post-5690","page","type-page","status-publish","hentry"],"campaignId":"","_links":{"self":[{"href":"https:\/\/www.gardenforlife.site\/es\/wp-json\/wp\/v2\/pages\/5690","targetHints":{"allow":["GET"]}}],"collection":[{"href":"https:\/\/www.gardenforlife.site\/es\/wp-json\/wp\/v2\/pages"}],"about":[{"href":"https:\/\/www.gardenforlife.site\/es\/wp-json\/wp\/v2\/types\/page"}],"author":[{"embeddable":true,"href":"https:\/\/www.gardenforlife.site\/es\/wp-json\/wp\/v2\/users\/1"}],"replies":[{"embeddable":true,"href":"https:\/\/www.gardenforlife.site\/es\/wp-json\/wp\/v2\/comments?post=5690"}],"version-history":[{"count":1,"href":"https:\/\/www.gardenforlife.site\/es\/wp-json\/wp\/v2\/pages\/5690\/revisions"}],"predecessor-version":[{"id":5692,"href":"https:\/\/www.gardenforlife.site\/es\/wp-json\/wp\/v2\/pages\/5690\/revisions\/5692"}],"wp:attachment":[{"href":"https:\/\/www.gardenforlife.site\/es\/wp-json\/wp\/v2\/media?parent=5690"}],"curies":[{"name":"wp","href":"https:\/\/api.w.org\/{rel}","templated":true}]}}