{"id":5275,"date":"2025-02-10T04:14:14","date_gmt":"2025-02-10T04:14:14","guid":{"rendered":"https:\/\/gfl.skyfish.dev\/equipe\/"},"modified":"2026-01-29T11:59:35","modified_gmt":"2026-01-29T11:59:35","slug":"equipe","status":"publish","type":"page","link":"https:\/\/www.gardenforlife.site\/fr\/equipe\/","title":{"rendered":"\u00c9quipe"},"content":{"rendered":"\t\t<div data-elementor-type=\"wp-page\" data-elementor-id=\"5275\" class=\"elementor elementor-5275 elementor-3837\" data-elementor-post-type=\"page\">\n\t\t\t\t<div class=\"elementor-element elementor-element-176ebce e-con-full e-flex e-con e-parent\" data-id=\"176ebce\" data-element_type=\"container\" data-e-type=\"container\" data-settings=\"{&quot;background_background&quot;:&quot;video&quot;,&quot;background_video_link&quot;:&quot;https:\\\/\\\/vimeo.com\\\/1064179154\\\/98c39a92f6&quot;,&quot;background_play_on_mobile&quot;:&quot;yes&quot;}\">\n\t\t<div class=\"elementor-background-video-container\">\n\t\t\t\t\t\t\t<div class=\"elementor-background-video-embed\" role=\"presentation\"><\/div>\n\t\t\t\t\t\t<\/div>\t\t<div class=\"elementor-element elementor-element-5054db3 elementor-widget elementor-widget-heading\" data-id=\"5054db3\" data-element_type=\"widget\" data-e-type=\"widget\" data-widget_type=\"heading.default\">\n\t\t\t\t<div class=\"elementor-widget-container\">\n\t\t\t\t\t<h2 class=\"elementor-heading-title elementor-size-default\">\u00c9quipe<\/h2>\t\t\t\t<\/div>\n\t\t\t\t<\/div>\n\t\t\t\t<\/div>\n\t\t<div class=\"elementor-element elementor-element-8177183 e-flex e-con-boxed e-con e-parent\" data-id=\"8177183\" data-element_type=\"container\" data-e-type=\"container\" data-settings=\"{&quot;background_background&quot;:&quot;classic&quot;}\">\n\t\t\t\t\t<div class=\"e-con-inner\">\n\t\t<div class=\"elementor-element elementor-element-b0a3cdf e-con-full e-flex e-con e-child\" data-id=\"b0a3cdf\" data-element_type=\"container\" data-e-type=\"container\">\n\t\t\t\t<div class=\"elementor-element elementor-element-e745fe5 elementor-widget elementor-widget-heading\" data-id=\"e745fe5\" data-element_type=\"widget\" data-e-type=\"widget\" data-widget_type=\"heading.default\">\n\t\t\t\t<div class=\"elementor-widget-container\">\n\t\t\t\t\t<h2 class=\"elementor-heading-title elementor-size-default\">\u00c0 propos de nous<\/h2>\t\t\t\t<\/div>\n\t\t\t\t<\/div>\n\t\t\t\t<div class=\"elementor-element elementor-element-2093478 elementor-widget elementor-widget-text-editor\" data-id=\"2093478\" data-element_type=\"widget\" data-e-type=\"widget\" data-widget_type=\"text-editor.default\">\n\t\t\t\t<div class=\"elementor-widget-container\">\n\t\t\t\t\t\t\t\t\t<p>GardenforLIFE est un immense \u00ab nous \u00bb. C&rsquo;est la VIE produite par plus de 30 ans de collaboration diversifi\u00e9e. Le catalyseur de cette alliance est notre Cr\u00e9ateur, qui a mis en relation des agriculteurs, des jardiniers, des \u00e9ducateurs, des scientifiques et d&rsquo;autres personnes de tous les horizons. Chacun de \u00ab nous \u00bb s&rsquo;engage \u00e0 aider le monde \u00e0 se nourrir et \u00e0 se gu\u00e9rir dans le cadre d&rsquo;un plan r\u00e9dempteur pour l&rsquo;approvisionnement alimentaire mondial.   <\/p><p>Pour les parties du monde qui sont bris\u00e9es et qui ont besoin d&rsquo;\u00eatre restaur\u00e9es, nous choisissons d&rsquo;\u00eatre un agent de gr\u00e2ce, de sagesse et de gu\u00e9rison. C&rsquo;est pourquoi nous travaillons \u00e0 cr\u00e9er des outils gratuits pour soutenir et connecter les individus, les communaut\u00e9s et les organisations. Rejoignez-nous alors que nous continuons \u00e0 d\u00e9couvrir le sens et la port\u00e9e de la r\u00e9demption de l&rsquo;approvisionnement alimentaire mondial.   <\/p>\t\t\t\t\t\t\t\t<\/div>\n\t\t\t\t<\/div>\n\t\t\t\t<\/div>\n\t\t<div class=\"elementor-element elementor-element-ac1600c e-con-full elementor-hidden-tablet elementor-hidden-mobile e-flex e-con e-child\" data-id=\"ac1600c\" data-element_type=\"container\" data-e-type=\"container\" data-settings=\"{&quot;background_background&quot;:&quot;classic&quot;}\">\n\t\t\t\t<\/div>\n\t\t\t\t\t<\/div>\n\t\t\t\t<\/div>\n\t\t<div class=\"elementor-element elementor-element-5f7f4acd e-flex e-con-boxed e-con e-parent\" data-id=\"5f7f4acd\" data-element_type=\"container\" data-e-type=\"container\" data-settings=\"{&quot;background_background&quot;:&quot;classic&quot;}\">\n\t\t\t\t\t<div class=\"e-con-inner\">\n\t\t<div class=\"elementor-element elementor-element-39bdeaad e-con-full e-flex e-con e-child\" data-id=\"39bdeaad\" data-element_type=\"container\" data-e-type=\"container\">\n\t\t\t\t<div class=\"elementor-element elementor-element-4c5a89e4 elementor-widget__width-initial elementor-widget-tablet__width-inherit elementor-invisible elementor-widget elementor-widget-heading\" data-id=\"4c5a89e4\" data-element_type=\"widget\" data-e-type=\"widget\" data-settings=\"{&quot;_animation&quot;:&quot;fadeInUp&quot;}\" data-widget_type=\"heading.default\">\n\t\t\t\t<div class=\"elementor-widget-container\">\n\t\t\t\t\t<h2 class=\"elementor-heading-title elementor-size-default\">Rencontrez l'\u00e9quipe<\/h2>\t\t\t\t<\/div>\n\t\t\t\t<\/div>\n\t\t\t\t<\/div>\n\t\t<div class=\"elementor-element elementor-element-46ad70a5 e-con-full e-flex e-con e-child\" data-id=\"46ad70a5\" data-element_type=\"container\" data-e-type=\"container\">\n\t\t<div class=\"elementor-element elementor-element-57d47652 e-con-full e-flex e-con e-child\" data-id=\"57d47652\" data-element_type=\"container\" data-e-type=\"container\">\n\t\t\t\t<div class=\"elementor-element elementor-element-405e377 elementor-widget-tablet__width-inherit elementor-hidden-desktop elementor-hidden-tablet elementor-invisible elementor-widget elementor-widget-heading\" data-id=\"405e377\" data-element_type=\"widget\" data-e-type=\"widget\" data-settings=\"{&quot;_animation&quot;:&quot;fadeInUp&quot;}\" data-widget_type=\"heading.default\">\n\t\t\t\t<div class=\"elementor-widget-container\">\n\t\t\t\t\t<h2 class=\"elementor-heading-title elementor-size-default\">Fred Billings<\/h2>\t\t\t\t<\/div>\n\t\t\t\t<\/div>\n\t\t\t\t<div class=\"elementor-element elementor-element-3af7d809 elementor-widget-tablet__width-inherit elementor-invisible elementor-widget elementor-widget-image\" data-id=\"3af7d809\" data-element_type=\"widget\" data-e-type=\"widget\" data-settings=\"{&quot;_animation&quot;:&quot;fadeInUp&quot;}\" data-widget_type=\"image.default\">\n\t\t\t\t<div class=\"elementor-widget-container\">\n\t\t\t\t\t\t\t\t\t\t\t\t\t\t\t<img fetchpriority=\"high\" decoding=\"async\" width=\"512\" height=\"512\" src=\"https:\/\/www.gardenforlife.site\/wp-content\/uploads\/2025\/02\/Freds-Team-Photo.webp\" class=\"attachment-large size-large wp-image-5280\" alt=\"\" srcset=\"https:\/\/www.gardenforlife.site\/wp-content\/uploads\/2025\/02\/Freds-Team-Photo.webp 512w, https:\/\/www.gardenforlife.site\/wp-content\/uploads\/2025\/02\/Freds-Team-Photo-300x300.webp 300w, https:\/\/www.gardenforlife.site\/wp-content\/uploads\/2025\/02\/Freds-Team-Photo-150x150.webp 150w\" sizes=\"(max-width: 512px) 100vw, 512px\" \/>\t\t\t\t\t\t\t\t\t\t\t\t\t\t\t<\/div>\n\t\t\t\t<\/div>\n\t\t<div class=\"elementor-element elementor-element-232c3898 e-con-full e-flex e-con e-child\" data-id=\"232c3898\" data-element_type=\"container\" data-e-type=\"container\">\n\t\t\t\t<div class=\"elementor-element elementor-element-f31d8ba elementor-widget-tablet__width-inherit elementor-hidden-mobile elementor-invisible elementor-widget elementor-widget-heading\" data-id=\"f31d8ba\" data-element_type=\"widget\" data-e-type=\"widget\" data-settings=\"{&quot;_animation&quot;:&quot;fadeInUp&quot;}\" data-widget_type=\"heading.default\">\n\t\t\t\t<div class=\"elementor-widget-container\">\n\t\t\t\t\t<h2 class=\"elementor-heading-title elementor-size-default\">Fred Billings<\/h2>\t\t\t\t<\/div>\n\t\t\t\t<\/div>\n\t\t\t\t<div class=\"elementor-element elementor-element-2fdf455f elementor-invisible elementor-widget elementor-widget-text-editor\" data-id=\"2fdf455f\" data-element_type=\"widget\" data-e-type=\"widget\" data-settings=\"{&quot;_animation&quot;:&quot;fadeInUp&quot;}\" data-widget_type=\"text-editor.default\">\n\t\t\t\t<div class=\"elementor-widget-container\">\n\t\t\t\t\t\t\t\t\t<p><span style=\"font-weight: 400;\">Fred Billings a des d\u00e9cennies d&rsquo;exp\u00e9rience dans la culture de l\u00e9gumes biologiques frais et le partage de comp\u00e9tences dynamiques en leadership. Son parcours, enracin\u00e9 dans le sol, continue d&rsquo;inspirer les individus et les communaut\u00e9s \u00e0 cultiver des vies durables et significatives. <\/span><\/p>\t\t\t\t\t\t\t\t<\/div>\n\t\t\t\t<\/div>\n\t\t\t\t<\/div>\n\t\t\t\t<\/div>\n\t\t<div class=\"elementor-element elementor-element-181bb462 e-con-full e-flex e-con e-child\" data-id=\"181bb462\" data-element_type=\"container\" data-e-type=\"container\">\n\t\t\t\t<div class=\"elementor-element elementor-element-67301f76 elementor-widget-tablet__width-inherit elementor-hidden-desktop elementor-invisible elementor-widget elementor-widget-heading\" data-id=\"67301f76\" data-element_type=\"widget\" data-e-type=\"widget\" data-settings=\"{&quot;_animation&quot;:&quot;fadeInUp&quot;}\" data-widget_type=\"heading.default\">\n\t\t\t\t<div class=\"elementor-widget-container\">\n\t\t\t\t\t<h2 class=\"elementor-heading-title elementor-size-default\">Brittney Hale<\/h2>\t\t\t\t<\/div>\n\t\t\t\t<\/div>\n\t\t\t\t<div class=\"elementor-element elementor-element-44633e11 elementor-widget-tablet__width-initial elementor-invisible elementor-widget elementor-widget-image\" data-id=\"44633e11\" data-element_type=\"widget\" data-e-type=\"widget\" data-settings=\"{&quot;_animation&quot;:&quot;fadeInUp&quot;}\" data-widget_type=\"image.default\">\n\t\t\t\t<div class=\"elementor-widget-container\">\n\t\t\t\t\t\t\t\t\t\t\t\t\t\t\t<img decoding=\"async\" width=\"768\" height=\"1024\" src=\"https:\/\/www.gardenforlife.site\/wp-content\/uploads\/2025\/01\/brittney-hale-and-kids-1-768x1024.jpg\" class=\"attachment-large size-large wp-image-5282\" alt=\"\" srcset=\"https:\/\/www.gardenforlife.site\/wp-content\/uploads\/2025\/01\/brittney-hale-and-kids-1-768x1024.jpg 768w, https:\/\/www.gardenforlife.site\/wp-content\/uploads\/2025\/01\/brittney-hale-and-kids-1-225x300.jpg 225w, https:\/\/www.gardenforlife.site\/wp-content\/uploads\/2025\/01\/brittney-hale-and-kids-1-1152x1536.jpg 1152w, https:\/\/www.gardenforlife.site\/wp-content\/uploads\/2025\/01\/brittney-hale-and-kids-1-1536x2048.jpg 1536w, https:\/\/www.gardenforlife.site\/wp-content\/uploads\/2025\/01\/brittney-hale-and-kids-1-scaled.jpg 1920w\" sizes=\"(max-width: 768px) 100vw, 768px\" \/>\t\t\t\t\t\t\t\t\t\t\t\t\t\t\t<\/div>\n\t\t\t\t<\/div>\n\t\t<div class=\"elementor-element elementor-element-179fd5a9 e-con-full e-flex e-con e-child\" data-id=\"179fd5a9\" data-element_type=\"container\" data-e-type=\"container\">\n\t\t\t\t<div class=\"elementor-element elementor-element-7a11aae8 elementor-widget-tablet__width-inherit elementor-hidden-mobile elementor-invisible elementor-widget elementor-widget-heading\" data-id=\"7a11aae8\" data-element_type=\"widget\" data-e-type=\"widget\" data-settings=\"{&quot;_animation&quot;:&quot;fadeInUp&quot;}\" data-widget_type=\"heading.default\">\n\t\t\t\t<div class=\"elementor-widget-container\">\n\t\t\t\t\t<h2 class=\"elementor-heading-title elementor-size-default\">Brittney Hale<\/h2>\t\t\t\t<\/div>\n\t\t\t\t<\/div>\n\t\t\t\t<div class=\"elementor-element elementor-element-46d6ae3c elementor-invisible elementor-widget elementor-widget-text-editor\" data-id=\"46d6ae3c\" data-element_type=\"widget\" data-e-type=\"widget\" data-settings=\"{&quot;_animation&quot;:&quot;fadeInUp&quot;}\" data-widget_type=\"text-editor.default\">\n\t\t\t\t<div class=\"elementor-widget-container\">\n\t\t\t\t\t\t\t\t\t<p>Fille de la ferme et de la ville, Brittney a grandi immerg\u00e9e dans l&rsquo;agriculture biologique. Dipl\u00f4m\u00e9e de l&rsquo;universit\u00e9 Texas A&amp;M avec une grande exp\u00e9rience internationale, Brittney fournit \u00e0 GfL un soutien administratif de premier ordre qui permet \u00e0 notre \u00e9quipe de se concentrer sur la cr\u00e9ation et la production d&rsquo;outils et de ressources GardenforLIFE. <\/p>\t\t\t\t\t\t\t\t<\/div>\n\t\t\t\t<\/div>\n\t\t\t\t<\/div>\n\t\t\t\t<\/div>\n\t\t\t\t<\/div>\n\t\t<div class=\"elementor-element elementor-element-fe2941e e-con-full e-flex e-con e-child\" data-id=\"fe2941e\" data-element_type=\"container\" data-e-type=\"container\">\n\t\t<div class=\"elementor-element elementor-element-5afd488 e-con-full e-flex e-con e-child\" data-id=\"5afd488\" data-element_type=\"container\" data-e-type=\"container\">\n\t\t\t\t<div class=\"elementor-element elementor-element-4d5863d elementor-widget-tablet__width-inherit elementor-hidden-desktop elementor-hidden-tablet elementor-invisible elementor-widget elementor-widget-heading\" data-id=\"4d5863d\" data-element_type=\"widget\" data-e-type=\"widget\" data-settings=\"{&quot;_animation&quot;:&quot;fadeInUp&quot;}\" data-widget_type=\"heading.default\">\n\t\t\t\t<div class=\"elementor-widget-container\">\n\t\t\t\t\t<h2 class=\"elementor-heading-title elementor-size-default\">Michael VanderMate<\/h2>\t\t\t\t<\/div>\n\t\t\t\t<\/div>\n\t\t\t\t<div class=\"elementor-element elementor-element-29fd547 elementor-widget-tablet__width-inherit elementor-invisible elementor-widget elementor-widget-image\" data-id=\"29fd547\" data-element_type=\"widget\" data-e-type=\"widget\" data-settings=\"{&quot;_animation&quot;:&quot;fadeInUp&quot;}\" data-widget_type=\"image.default\">\n\t\t\t\t<div class=\"elementor-widget-container\">\n\t\t\t\t\t\t\t\t\t\t\t\t\t\t\t<img decoding=\"async\" width=\"561\" height=\"567\" src=\"https:\/\/www.gardenforlife.site\/wp-content\/uploads\/2025\/02\/Michael-VanderMate.webp\" class=\"attachment-large size-large wp-image-5276\" alt=\"\" srcset=\"https:\/\/www.gardenforlife.site\/wp-content\/uploads\/2025\/02\/Michael-VanderMate.webp 561w, https:\/\/www.gardenforlife.site\/wp-content\/uploads\/2025\/02\/Michael-VanderMate-297x300.webp 297w\" sizes=\"(max-width: 561px) 100vw, 561px\" \/>\t\t\t\t\t\t\t\t\t\t\t\t\t\t\t<\/div>\n\t\t\t\t<\/div>\n\t\t<div class=\"elementor-element elementor-element-254b1e8 e-con-full e-flex e-con e-child\" data-id=\"254b1e8\" data-element_type=\"container\" data-e-type=\"container\">\n\t\t\t\t<div class=\"elementor-element elementor-element-dc60eba elementor-widget-tablet__width-inherit elementor-hidden-mobile elementor-invisible elementor-widget elementor-widget-heading\" data-id=\"dc60eba\" data-element_type=\"widget\" data-e-type=\"widget\" data-settings=\"{&quot;_animation&quot;:&quot;fadeInUp&quot;}\" data-widget_type=\"heading.default\">\n\t\t\t\t<div class=\"elementor-widget-container\">\n\t\t\t\t\t<h2 class=\"elementor-heading-title elementor-size-default\">Michael VanderMate<\/h2>\t\t\t\t<\/div>\n\t\t\t\t<\/div>\n\t\t\t\t<div class=\"elementor-element elementor-element-aac9c8a elementor-invisible elementor-widget elementor-widget-text-editor\" data-id=\"aac9c8a\" data-element_type=\"widget\" data-e-type=\"widget\" data-settings=\"{&quot;_animation&quot;:&quot;fadeInUp&quot;}\" data-widget_type=\"text-editor.default\">\n\t\t\t\t<div class=\"elementor-widget-container\">\n\t\t\t\t\t\t\t\t\t<p>Avec une exp\u00e9rience dans diverses industries cr\u00e9atives, le principe directeur de Michael est de \u00ab permettre des exp\u00e9riences percutantes \u00bb. Entrer dans le r\u00f4le de directeur de la cr\u00e9ation ici chez GfL \u00e9tait une \u00e9vidence, alignant son exp\u00e9rience cr\u00e9ative avec la vision du projet. Gr\u00e2ce \u00e0 ses efforts, il vise \u00e0 faciliter la transition de GfL vers l&rsquo;ar\u00e8ne num\u00e9rique.  <\/p>\t\t\t\t\t\t\t\t<\/div>\n\t\t\t\t<\/div>\n\t\t\t\t<\/div>\n\t\t\t\t<\/div>\n\t\t<div class=\"elementor-element elementor-element-238c31f e-con-full e-flex e-con e-child\" data-id=\"238c31f\" data-element_type=\"container\" data-e-type=\"container\">\n\t\t\t\t<div class=\"elementor-element elementor-element-ec9e6c7 elementor-widget-tablet__width-inherit elementor-hidden-desktop elementor-invisible elementor-widget elementor-widget-heading\" data-id=\"ec9e6c7\" data-element_type=\"widget\" data-e-type=\"widget\" data-settings=\"{&quot;_animation&quot;:&quot;fadeInUp&quot;}\" data-widget_type=\"heading.default\">\n\t\t\t\t<div class=\"elementor-widget-container\">\n\t\t\t\t\t<h2 class=\"elementor-heading-title elementor-size-default\">Barbara Billings<\/h2>\t\t\t\t<\/div>\n\t\t\t\t<\/div>\n\t\t\t\t<div class=\"elementor-element elementor-element-0bf6598 elementor-widget-tablet__width-initial elementor-invisible elementor-widget elementor-widget-image\" data-id=\"0bf6598\" data-element_type=\"widget\" data-e-type=\"widget\" data-settings=\"{&quot;_animation&quot;:&quot;fadeInUp&quot;}\" data-widget_type=\"image.default\">\n\t\t\t\t<div class=\"elementor-widget-container\">\n\t\t\t\t\t\t\t\t\t\t\t\t\t\t\t<img loading=\"lazy\" decoding=\"async\" width=\"584\" height=\"557\" src=\"https:\/\/www.gardenforlife.site\/wp-content\/uploads\/2025\/02\/Barbara-Billings.webp\" class=\"attachment-large size-large wp-image-5277\" alt=\"\" srcset=\"https:\/\/www.gardenforlife.site\/wp-content\/uploads\/2025\/02\/Barbara-Billings.webp 584w, https:\/\/www.gardenforlife.site\/wp-content\/uploads\/2025\/02\/Barbara-Billings-300x286.webp 300w\" sizes=\"(max-width: 584px) 100vw, 584px\" \/>\t\t\t\t\t\t\t\t\t\t\t\t\t\t\t<\/div>\n\t\t\t\t<\/div>\n\t\t<div class=\"elementor-element elementor-element-3d6037b e-con-full e-flex e-con e-child\" data-id=\"3d6037b\" data-element_type=\"container\" data-e-type=\"container\">\n\t\t\t\t<div class=\"elementor-element elementor-element-e04cbfa elementor-widget-tablet__width-inherit elementor-hidden-mobile elementor-invisible elementor-widget elementor-widget-heading\" data-id=\"e04cbfa\" data-element_type=\"widget\" data-e-type=\"widget\" data-settings=\"{&quot;_animation&quot;:&quot;fadeInUp&quot;}\" data-widget_type=\"heading.default\">\n\t\t\t\t<div class=\"elementor-widget-container\">\n\t\t\t\t\t<h2 class=\"elementor-heading-title elementor-size-default\">Barbara Billings<\/h2>\t\t\t\t<\/div>\n\t\t\t\t<\/div>\n\t\t\t\t<div class=\"elementor-element elementor-element-16c1a79 elementor-invisible elementor-widget elementor-widget-text-editor\" data-id=\"16c1a79\" data-element_type=\"widget\" data-e-type=\"widget\" data-settings=\"{&quot;_animation&quot;:&quot;fadeInUp&quot;}\" data-widget_type=\"text-editor.default\">\n\t\t\t\t<div class=\"elementor-widget-container\">\n\t\t\t\t\t\t\t\t\t<p>La joie du jardin, plein de VIE, et la femme de Farmer Fred. La vaste exp\u00e9rience de Barbie dans l&rsquo;agriculture, la famille, la nourriture et la comptabilit\u00e9 permet \u00e0 GfL d&rsquo;aller de l&rsquo;avant. Sa disposition amicale et son amour pour les gens sont ses \u00ab armes secr\u00e8tes \u00bb.  <\/p>\t\t\t\t\t\t\t\t<\/div>\n\t\t\t\t<\/div>\n\t\t\t\t<\/div>\n\t\t\t\t<\/div>\n\t\t\t\t<\/div>\n\t\t<div class=\"elementor-element elementor-element-9d44fa2 e-con-full e-flex e-con e-child\" data-id=\"9d44fa2\" data-element_type=\"container\" data-e-type=\"container\">\n\t\t<div class=\"elementor-element elementor-element-26fa89e e-con-full e-flex e-con e-child\" data-id=\"26fa89e\" data-element_type=\"container\" data-e-type=\"container\">\n\t\t\t\t<div class=\"elementor-element elementor-element-40c7fff elementor-widget-tablet__width-inherit elementor-hidden-desktop elementor-hidden-tablet elementor-invisible elementor-widget elementor-widget-heading\" data-id=\"40c7fff\" data-element_type=\"widget\" data-e-type=\"widget\" data-settings=\"{&quot;_animation&quot;:&quot;fadeInUp&quot;}\" data-widget_type=\"heading.default\">\n\t\t\t\t<div class=\"elementor-widget-container\">\n\t\t\t\t\t<h2 class=\"elementor-heading-title elementor-size-default\">James Burgess<\/h2>\t\t\t\t<\/div>\n\t\t\t\t<\/div>\n\t\t\t\t<div class=\"elementor-element elementor-element-9c013df elementor-widget-tablet__width-inherit elementor-invisible elementor-widget elementor-widget-image\" data-id=\"9c013df\" data-element_type=\"widget\" data-e-type=\"widget\" data-settings=\"{&quot;_animation&quot;:&quot;fadeInUp&quot;}\" data-widget_type=\"image.default\">\n\t\t\t\t<div class=\"elementor-widget-container\">\n\t\t\t\t\t\t\t\t\t\t\t\t\t\t\t<img loading=\"lazy\" decoding=\"async\" width=\"571\" height=\"433\" src=\"https:\/\/www.gardenforlife.site\/wp-content\/uploads\/2025\/02\/James-Burgess.webp\" class=\"attachment-large size-large wp-image-5278\" alt=\"\" srcset=\"https:\/\/www.gardenforlife.site\/wp-content\/uploads\/2025\/02\/James-Burgess.webp 571w, https:\/\/www.gardenforlife.site\/wp-content\/uploads\/2025\/02\/James-Burgess-300x227.webp 300w\" sizes=\"(max-width: 571px) 100vw, 571px\" \/>\t\t\t\t\t\t\t\t\t\t\t\t\t\t\t<\/div>\n\t\t\t\t<\/div>\n\t\t<div class=\"elementor-element elementor-element-7f26f34 e-con-full e-flex e-con e-child\" data-id=\"7f26f34\" data-element_type=\"container\" data-e-type=\"container\">\n\t\t\t\t<div class=\"elementor-element elementor-element-4ded895 elementor-widget-tablet__width-inherit elementor-hidden-mobile elementor-invisible elementor-widget elementor-widget-heading\" data-id=\"4ded895\" data-element_type=\"widget\" data-e-type=\"widget\" data-settings=\"{&quot;_animation&quot;:&quot;fadeInUp&quot;}\" data-widget_type=\"heading.default\">\n\t\t\t\t<div class=\"elementor-widget-container\">\n\t\t\t\t\t<h2 class=\"elementor-heading-title elementor-size-default\">James Burgess<\/h2>\t\t\t\t<\/div>\n\t\t\t\t<\/div>\n\t\t\t\t<div class=\"elementor-element elementor-element-330e200 elementor-invisible elementor-widget elementor-widget-text-editor\" data-id=\"330e200\" data-element_type=\"widget\" data-e-type=\"widget\" data-settings=\"{&quot;_animation&quot;:&quot;fadeInUp&quot;}\" data-widget_type=\"text-editor.default\">\n\t\t\t\t<div class=\"elementor-widget-container\">\n\t\t\t\t\t\t\t\t\t<p>James est un cin\u00e9aste chevronn\u00e9 avec plus de 50 ans d&rsquo;exp\u00e9rience prim\u00e9e dans le cin\u00e9ma. Il est titulaire d&rsquo;un Bachelor of Science en cin\u00e9ma et travaille comme directeur de la photographie, cin\u00e9matographe, monteur, \u00e9crivain, producteur\/r\u00e9alisateur et superviseur de la post-production. Principalement connu comme un \u00ab conteur \u00bb, James tisse une comp\u00e9tence technique avec une expression artistique dans des messages r\u00e9solument poignants.  <\/p>\t\t\t\t\t\t\t\t<\/div>\n\t\t\t\t<\/div>\n\t\t\t\t<\/div>\n\t\t\t\t<\/div>\n\t\t<div class=\"elementor-element elementor-element-8b092fe e-con-full e-flex e-con e-child\" data-id=\"8b092fe\" data-element_type=\"container\" data-e-type=\"container\">\n\t\t\t\t<div class=\"elementor-element elementor-element-d740bed elementor-widget-tablet__width-inherit elementor-hidden-desktop elementor-hidden-tablet elementor-invisible elementor-widget elementor-widget-heading\" data-id=\"d740bed\" data-element_type=\"widget\" data-e-type=\"widget\" data-settings=\"{&quot;_animation&quot;:&quot;fadeInUp&quot;}\" data-widget_type=\"heading.default\">\n\t\t\t\t<div class=\"elementor-widget-container\">\n\t\t\t\t\t<h2 class=\"elementor-heading-title elementor-size-default\">Don Peterson<\/h2>\t\t\t\t<\/div>\n\t\t\t\t<\/div>\n\t\t\t\t<div class=\"elementor-element elementor-element-c695353 elementor-widget-tablet__width-inherit elementor-invisible elementor-widget elementor-widget-image\" data-id=\"c695353\" data-element_type=\"widget\" data-e-type=\"widget\" data-settings=\"{&quot;_animation&quot;:&quot;fadeInUp&quot;}\" data-widget_type=\"image.default\">\n\t\t\t\t<div class=\"elementor-widget-container\">\n\t\t\t\t\t\t\t\t\t\t\t\t\t\t\t<img loading=\"lazy\" decoding=\"async\" width=\"578\" height=\"578\" src=\"https:\/\/www.gardenforlife.site\/wp-content\/uploads\/2025\/02\/Don-Peterson.webp\" class=\"attachment-large size-large wp-image-5279\" alt=\"\" srcset=\"https:\/\/www.gardenforlife.site\/wp-content\/uploads\/2025\/02\/Don-Peterson.webp 578w, https:\/\/www.gardenforlife.site\/wp-content\/uploads\/2025\/02\/Don-Peterson-300x300.webp 300w, https:\/\/www.gardenforlife.site\/wp-content\/uploads\/2025\/02\/Don-Peterson-150x150.webp 150w\" sizes=\"(max-width: 578px) 100vw, 578px\" \/>\t\t\t\t\t\t\t\t\t\t\t\t\t\t\t<\/div>\n\t\t\t\t<\/div>\n\t\t<div class=\"elementor-element elementor-element-53cf8e8 e-con-full e-flex e-con e-child\" data-id=\"53cf8e8\" data-element_type=\"container\" data-e-type=\"container\">\n\t\t\t\t<div class=\"elementor-element elementor-element-2b12857 elementor-widget-tablet__width-inherit elementor-hidden-mobile elementor-invisible elementor-widget elementor-widget-heading\" data-id=\"2b12857\" data-element_type=\"widget\" data-e-type=\"widget\" data-settings=\"{&quot;_animation&quot;:&quot;fadeInUp&quot;}\" data-widget_type=\"heading.default\">\n\t\t\t\t<div class=\"elementor-widget-container\">\n\t\t\t\t\t<h2 class=\"elementor-heading-title elementor-size-default\">Don Peterson<\/h2>\t\t\t\t<\/div>\n\t\t\t\t<\/div>\n\t\t\t\t<div class=\"elementor-element elementor-element-9e6239c elementor-invisible elementor-widget elementor-widget-text-editor\" data-id=\"9e6239c\" data-element_type=\"widget\" data-e-type=\"widget\" data-settings=\"{&quot;_animation&quot;:&quot;fadeInUp&quot;}\" data-widget_type=\"text-editor.default\">\n\t\t\t\t<div class=\"elementor-widget-container\">\n\t\t\t\t\t\t\t\t\t<p>Don est un expert-comptable agr\u00e9\u00e9, un entrepreneur et un agriculteur\/jardinier de longue date. Comp\u00e9tent en leadership et en d\u00e9veloppement organisationnel, Don apporte \u00e0 l&rsquo;\u00e9quipe des d\u00e9cennies de sagesse et d&rsquo;exp\u00e9rience professionnelle dans les affaires, le coaching, le mentorat et le jardinage communautaire\/\u00e9ducatif. <\/p>\t\t\t\t\t\t\t\t<\/div>\n\t\t\t\t<\/div>\n\t\t\t\t<\/div>\n\t\t\t\t<\/div>\n\t\t\t\t<\/div>\n\t\t\t\t\t<\/div>\n\t\t\t\t<\/div>\n\t\t\t\t<\/div>\n\t\t","protected":false},"excerpt":{"rendered":"<p>\u00c9quipe \u00c0 propos de nous GardenforLIFE est un immense \u00ab nous \u00bb. C&rsquo;est la VIE produite par plus de 30 ans de collaboration diversifi\u00e9e. Le catalyseur de cette alliance est notre Cr\u00e9ateur, qui a mis en relation des agriculteurs, des jardiniers, des \u00e9ducateurs, des scientifiques et d&rsquo;autres personnes de tous les horizons. Chacun de \u00ab [&hellip;]<\/p>\n","protected":false},"author":1,"featured_media":0,"parent":0,"menu_order":0,"comment_status":"closed","ping_status":"closed","template":"","meta":{"give_campaign_id":0,"footnotes":""},"class_list":["post-5275","page","type-page","status-publish","hentry"],"campaignId":"","_links":{"self":[{"href":"https:\/\/www.gardenforlife.site\/fr\/wp-json\/wp\/v2\/pages\/5275","targetHints":{"allow":["GET"]}}],"collection":[{"href":"https:\/\/www.gardenforlife.site\/fr\/wp-json\/wp\/v2\/pages"}],"about":[{"href":"https:\/\/www.gardenforlife.site\/fr\/wp-json\/wp\/v2\/types\/page"}],"author":[{"embeddable":true,"href":"https:\/\/www.gardenforlife.site\/fr\/wp-json\/wp\/v2\/users\/1"}],"replies":[{"embeddable":true,"href":"https:\/\/www.gardenforlife.site\/fr\/wp-json\/wp\/v2\/comments?post=5275"}],"version-history":[{"count":1,"href":"https:\/\/www.gardenforlife.site\/fr\/wp-json\/wp\/v2\/pages\/5275\/revisions"}],"predecessor-version":[{"id":5283,"href":"https:\/\/www.gardenforlife.site\/fr\/wp-json\/wp\/v2\/pages\/5275\/revisions\/5283"}],"wp:attachment":[{"href":"https:\/\/www.gardenforlife.site\/fr\/wp-json\/wp\/v2\/media?parent=5275"}],"curies":[{"name":"wp","href":"https:\/\/api.w.org\/{rel}","templated":true}]}}