{"id":5244,"date":"2025-03-10T09:47:40","date_gmt":"2025-03-10T09:47:40","guid":{"rendered":"https:\/\/gfl.skyfish.dev\/donativo-offline\/"},"modified":"2026-01-29T11:56:51","modified_gmt":"2026-01-29T11:56:51","slug":"donativo-offline","status":"publish","type":"page","link":"https:\/\/www.gardenforlife.site\/pt-pt\/donativo-offline\/","title":{"rendered":"Donativo offline"},"content":{"rendered":"\t\t<div data-elementor-type=\"wp-page\" data-elementor-id=\"5244\" class=\"elementor elementor-5244 elementor-4766\" data-elementor-post-type=\"page\">\n\t\t\t\t<div class=\"elementor-element elementor-element-623397a e-flex e-con-boxed e-con e-parent\" data-id=\"623397a\" data-element_type=\"container\" data-e-type=\"container\" data-settings=\"{&quot;background_background&quot;:&quot;classic&quot;}\">\n\t\t\t\t\t<div class=\"e-con-inner\">\n\t\t\t\t\t<\/div>\n\t\t\t\t<\/div>\n\t\t<div class=\"elementor-element elementor-element-d65a190 e-flex e-con-boxed e-con e-parent\" data-id=\"d65a190\" data-element_type=\"container\" data-e-type=\"container\" data-settings=\"{&quot;background_background&quot;:&quot;classic&quot;}\">\n\t\t\t\t\t<div class=\"e-con-inner\">\n\t\t\t\t<div class=\"elementor-element elementor-element-9fc5860 e-n-tabs-none elementor-widget elementor-widget-n-tabs\" data-id=\"9fc5860\" data-element_type=\"widget\" data-e-type=\"widget\" data-settings=\"{&quot;horizontal_scroll&quot;:&quot;disable&quot;}\" data-widget_type=\"nested-tabs.default\">\n\t\t\t\t<div class=\"elementor-widget-container\">\n\t\t\t\t\t\t\t<div class=\"e-n-tabs\" data-widget-number=\"167532640\" aria-label=\"Tabs. Open items with Enter or Space, close with Escape and navigate using the Arrow keys.\">\n\t\t\t<div class=\"e-n-tabs-heading\" role=\"tablist\">\n\t\t\t\t\t<button id=\"zelle-tab\" data-tab-title-id=\"e-n-tab-title-1675326401\" class=\"e-n-tab-title\" aria-selected=\"true\" data-tab-index=\"1\" role=\"tab\" tabindex=\"0\" aria-controls=\"e-n-tab-content-1675326401\" style=\"--n-tabs-title-order: 1;\">\n\t\t\t\t\t\t<span class=\"e-n-tab-title-text\">\n\t\t\t\tDoar atrav\u00e9s do Zelle\t\t\t<\/span>\n\t\t<\/button>\n\t\t\t\t<button id=\"mail-tab\" data-tab-title-id=\"e-n-tab-title-1675326402\" class=\"e-n-tab-title\" aria-selected=\"false\" data-tab-index=\"2\" role=\"tab\" tabindex=\"-1\" aria-controls=\"e-n-tab-content-1675326402\" style=\"--n-tabs-title-order: 2;\">\n\t\t\t\t\t\t<span class=\"e-n-tab-title-text\">\n\t\t\t\tDoar por correio\t\t\t<\/span>\n\t\t<\/button>\n\t\t\t\t\t<\/div>\n\t\t\t<div class=\"e-n-tabs-content\">\n\t\t\t\t<div id=\"e-n-tab-content-1675326401\" role=\"tabpanel\" aria-labelledby=\"zelle-tab\" data-tab-index=\"1\" style=\"--n-tabs-title-order: 1;\" class=\"e-active elementor-element elementor-element-a4d2441 e-flex e-con-boxed e-con e-child\" data-id=\"a4d2441\" data-element_type=\"container\" data-e-type=\"container\">\n\t\t\t\t\t<div class=\"e-con-inner\">\n\t\t<div class=\"elementor-element elementor-element-bcaa554 e-flex e-con-boxed e-con e-child\" data-id=\"bcaa554\" data-element_type=\"container\" data-e-type=\"container\" data-settings=\"{&quot;background_background&quot;:&quot;classic&quot;}\">\n\t\t\t\t\t<div class=\"e-con-inner\">\n\t\t\t\t<div class=\"elementor-element elementor-element-c5aaa6f elementor-widget elementor-widget-heading\" data-id=\"c5aaa6f\" data-element_type=\"widget\" data-e-type=\"widget\" data-widget_type=\"heading.default\">\n\t\t\t\t<div class=\"elementor-widget-container\">\n\t\t\t\t\t<h2 class=\"elementor-heading-title elementor-size-default\">Doar com Zelle<sup>\u00ae<\/sup><\/h2>\t\t\t\t<\/div>\n\t\t\t\t<\/div>\n\t\t\t\t<div class=\"elementor-element elementor-element-48ed2cc elementor-widget elementor-widget-text-editor\" data-id=\"48ed2cc\" data-element_type=\"widget\" data-e-type=\"widget\" data-widget_type=\"text-editor.default\">\n\t\t\t\t<div class=\"elementor-widget-container\">\n\t\t\t\t\t\t\t\t\t<p>Digitalize na sua aplica\u00e7\u00e3o banc\u00e1ria para pagar<\/p><p>Gardenforlife Inc<\/p><p>d***s@gardenforlife.site<\/p>\t\t\t\t\t\t\t\t<\/div>\n\t\t\t\t<\/div>\n\t\t\t\t<div class=\"elementor-element elementor-element-3d704ff elementor-widget elementor-widget-image\" data-id=\"3d704ff\" data-element_type=\"widget\" data-e-type=\"widget\" data-widget_type=\"image.default\">\n\t\t\t\t<div class=\"elementor-widget-container\">\n\t\t\t\t\t\t\t\t\t\t\t\t\t\t\t<img fetchpriority=\"high\" decoding=\"async\" width=\"300\" height=\"300\" src=\"https:\/\/www.gardenforlife.site\/wp-content\/uploads\/2025\/03\/GfL-Zelle-QR-Code.png\" class=\"attachment-large size-large wp-image-5245\" alt=\"\" srcset=\"https:\/\/www.gardenforlife.site\/wp-content\/uploads\/2025\/03\/GfL-Zelle-QR-Code.png.webp 300w, https:\/\/www.gardenforlife.site\/wp-content\/uploads\/2025\/03\/GfL-Zelle-QR-Code-150x150.png.webp 150w\" sizes=\"(max-width: 300px) 100vw, 300px\" \/>\t\t\t\t\t\t\t\t\t\t\t\t\t\t\t<\/div>\n\t\t\t\t<\/div>\n\t\t\t\t<div class=\"elementor-element elementor-element-debebf0 elementor-widget elementor-widget-image\" data-id=\"debebf0\" data-element_type=\"widget\" data-e-type=\"widget\" data-widget_type=\"image.default\">\n\t\t\t\t<div class=\"elementor-widget-container\">\n\t\t\t\t\t\t\t\t\t\t\t\t\t\t\t<img decoding=\"async\" width=\"200\" height=\"113\" src=\"https:\/\/www.gardenforlife.site\/wp-content\/uploads\/2025\/03\/Zelle-Logo.webp\" class=\"attachment-large size-large wp-image-5246\" alt=\"\" \/>\t\t\t\t\t\t\t\t\t\t\t\t\t\t\t<\/div>\n\t\t\t\t<\/div>\n\t\t\t\t\t<\/div>\n\t\t\t\t<\/div>\n\t\t\t\t\t<\/div>\n\t\t\t\t<\/div>\n\t\t<div id=\"e-n-tab-content-1675326402\" role=\"tabpanel\" aria-labelledby=\"mail-tab\" data-tab-index=\"2\" style=\"--n-tabs-title-order: 2;\" class=\" elementor-element elementor-element-3795bfb e-flex e-con-boxed e-con e-child\" data-id=\"3795bfb\" data-element_type=\"container\" data-e-type=\"container\">\n\t\t\t\t\t<div class=\"e-con-inner\">\n\t\t<div class=\"elementor-element elementor-element-655248c e-flex e-con-boxed e-con e-child\" data-id=\"655248c\" data-element_type=\"container\" data-e-type=\"container\" data-settings=\"{&quot;background_background&quot;:&quot;classic&quot;}\">\n\t\t\t\t\t<div class=\"e-con-inner\">\n\t\t\t\t<div class=\"elementor-element elementor-element-ef0c9a9 elementor-widget elementor-widget-text-editor\" data-id=\"ef0c9a9\" data-element_type=\"widget\" data-e-type=\"widget\" data-widget_type=\"text-editor.default\">\n\t\t\t\t<div class=\"elementor-widget-container\">\n\t\t\t\t\t\t\t\t\t<p>Para fazer um donativo offline para esta causa, siga estes passos:<\/p><ol><li>Fa\u00e7a um cheque \u00e0 ordem de &#8220;GardenforLIFE&#8221;<\/li><li>Na linha de nota do cheque, indique que se trata de um donativo.<\/li><li>Envie o seu cheque para:<\/li><\/ol><p> <\/p><p><em>GardenforLIFE<br><i>15102 Easton Park Drive,<\/i><\/em><br><i>Houston, Texas 77095<\/i><\/p><p>Obrigado por colaborar com a GardenforLIFE!<\/p>\t\t\t\t\t\t\t\t<\/div>\n\t\t\t\t<\/div>\n\t\t\t\t\t<\/div>\n\t\t\t\t<\/div>\n\t\t\t\t\t<\/div>\n\t\t\t\t<\/div>\n\t\t\t\t\t<\/div>\n\t\t<\/div>\n\t\t\t\t\t\t<\/div>\n\t\t\t\t<\/div>\n\t\t\t\t\t<\/div>\n\t\t\t\t<\/div>\n\t\t\t\t<\/div>\n\t\t","protected":false},"excerpt":{"rendered":"<p>Doar atrav\u00e9s do Zelle Doar por correio Doar com Zelle\u00ae Digitalize na sua aplica\u00e7\u00e3o banc\u00e1ria para pagar Gardenforlife Inc d***s@gardenforlife.site Para fazer um donativo offline para esta causa, siga estes passos: Fa\u00e7a um cheque \u00e0 ordem de &#8220;GardenforLIFE&#8221; Na linha de nota do cheque, indique que se trata de um donativo. Envie o seu cheque [&hellip;]<\/p>\n","protected":false},"author":1,"featured_media":0,"parent":0,"menu_order":0,"comment_status":"closed","ping_status":"closed","template":"","meta":{"give_campaign_id":0,"footnotes":""},"class_list":["post-5244","page","type-page","status-publish","hentry"],"campaignId":"","_links":{"self":[{"href":"https:\/\/www.gardenforlife.site\/pt-pt\/wp-json\/wp\/v2\/pages\/5244","targetHints":{"allow":["GET"]}}],"collection":[{"href":"https:\/\/www.gardenforlife.site\/pt-pt\/wp-json\/wp\/v2\/pages"}],"about":[{"href":"https:\/\/www.gardenforlife.site\/pt-pt\/wp-json\/wp\/v2\/types\/page"}],"author":[{"embeddable":true,"href":"https:\/\/www.gardenforlife.site\/pt-pt\/wp-json\/wp\/v2\/users\/1"}],"replies":[{"embeddable":true,"href":"https:\/\/www.gardenforlife.site\/pt-pt\/wp-json\/wp\/v2\/comments?post=5244"}],"version-history":[{"count":1,"href":"https:\/\/www.gardenforlife.site\/pt-pt\/wp-json\/wp\/v2\/pages\/5244\/revisions"}],"predecessor-version":[{"id":5247,"href":"https:\/\/www.gardenforlife.site\/pt-pt\/wp-json\/wp\/v2\/pages\/5244\/revisions\/5247"}],"wp:attachment":[{"href":"https:\/\/www.gardenforlife.site\/pt-pt\/wp-json\/wp\/v2\/media?parent=5244"}],"curies":[{"name":"wp","href":"https:\/\/api.w.org\/{rel}","templated":true}]}}