{"id":5415,"date":"2025-02-10T04:14:14","date_gmt":"2025-02-10T04:14:14","guid":{"rendered":"https:\/\/gfl.skyfish.dev\/equipa\/"},"modified":"2026-01-29T12:01:20","modified_gmt":"2026-01-29T12:01:20","slug":"equipa","status":"publish","type":"page","link":"https:\/\/www.gardenforlife.site\/pt-pt\/equipa\/","title":{"rendered":"Equipa"},"content":{"rendered":"\t\t<div data-elementor-type=\"wp-page\" data-elementor-id=\"5415\" class=\"elementor elementor-5415 elementor-3837\" data-elementor-post-type=\"page\">\n\t\t\t\t<div class=\"elementor-element elementor-element-176ebce e-con-full e-flex e-con e-parent\" data-id=\"176ebce\" data-element_type=\"container\" data-e-type=\"container\" data-settings=\"{&quot;background_background&quot;:&quot;video&quot;,&quot;background_video_link&quot;:&quot;https:\\\/\\\/vimeo.com\\\/1064179154\\\/98c39a92f6&quot;,&quot;background_play_on_mobile&quot;:&quot;yes&quot;}\">\n\t\t<div class=\"elementor-background-video-container\">\n\t\t\t\t\t\t\t<div class=\"elementor-background-video-embed\" role=\"presentation\"><\/div>\n\t\t\t\t\t\t<\/div>\t\t<div class=\"elementor-element elementor-element-5054db3 elementor-widget elementor-widget-heading\" data-id=\"5054db3\" data-element_type=\"widget\" data-e-type=\"widget\" data-widget_type=\"heading.default\">\n\t\t\t\t<div class=\"elementor-widget-container\">\n\t\t\t\t\t<h2 class=\"elementor-heading-title elementor-size-default\">Equipa<\/h2>\t\t\t\t<\/div>\n\t\t\t\t<\/div>\n\t\t\t\t<\/div>\n\t\t<div class=\"elementor-element elementor-element-8177183 e-flex e-con-boxed e-con e-parent\" data-id=\"8177183\" data-element_type=\"container\" data-e-type=\"container\" data-settings=\"{&quot;background_background&quot;:&quot;classic&quot;}\">\n\t\t\t\t\t<div class=\"e-con-inner\">\n\t\t<div class=\"elementor-element elementor-element-b0a3cdf e-con-full e-flex e-con e-child\" data-id=\"b0a3cdf\" data-element_type=\"container\" data-e-type=\"container\">\n\t\t\t\t<div class=\"elementor-element elementor-element-e745fe5 elementor-widget elementor-widget-heading\" data-id=\"e745fe5\" data-element_type=\"widget\" data-e-type=\"widget\" data-widget_type=\"heading.default\">\n\t\t\t\t<div class=\"elementor-widget-container\">\n\t\t\t\t\t<h2 class=\"elementor-heading-title elementor-size-default\">Sobre n\u00f3s<\/h2>\t\t\t\t<\/div>\n\t\t\t\t<\/div>\n\t\t\t\t<div class=\"elementor-element elementor-element-2093478 elementor-widget elementor-widget-text-editor\" data-id=\"2093478\" data-element_type=\"widget\" data-e-type=\"widget\" data-widget_type=\"text-editor.default\">\n\t\t\t\t<div class=\"elementor-widget-container\">\n\t\t\t\t\t\t\t\t\t<p>GardenforLIFE \u00e9 um enorme &#8216;n\u00f3s&#8217;. \u00c9 a VIDA produzida por mais de 30 anos de colabora\u00e7\u00e3o diversificada. O catalisador desta alian\u00e7a \u00e9 o nosso Criador, que conectou agricultores, jardineiros, educadores, cientistas e outros de todas as esferas da vida. Cada um de &#8216;n\u00f3s&#8217; est\u00e1 empenhado em ajudar o mundo a alimentar-se e a curar-se como parte de um plano redentor para o abastecimento alimentar mundial.   <\/p><p>Para as partes do mundo que est\u00e3o destru\u00eddas e precisam de restaura\u00e7\u00e3o, escolhemos ser um agente de gra\u00e7a, sabedoria e cura. \u00c9 por isso que trabalhamos para criar ferramentas gratuitas para apoiar e conectar indiv\u00edduos, comunidades e organiza\u00e7\u00f5es. Junte-se a n\u00f3s enquanto continuamos a descobrir o significado e o alcance da reden\u00e7\u00e3o do abastecimento alimentar mundial.   <\/p>\t\t\t\t\t\t\t\t<\/div>\n\t\t\t\t<\/div>\n\t\t\t\t<\/div>\n\t\t<div class=\"elementor-element elementor-element-ac1600c e-con-full elementor-hidden-tablet elementor-hidden-mobile e-flex e-con e-child\" data-id=\"ac1600c\" data-element_type=\"container\" data-e-type=\"container\" data-settings=\"{&quot;background_background&quot;:&quot;classic&quot;}\">\n\t\t\t\t<\/div>\n\t\t\t\t\t<\/div>\n\t\t\t\t<\/div>\n\t\t<div class=\"elementor-element elementor-element-5f7f4acd e-flex e-con-boxed e-con e-parent\" data-id=\"5f7f4acd\" data-element_type=\"container\" data-e-type=\"container\" data-settings=\"{&quot;background_background&quot;:&quot;classic&quot;}\">\n\t\t\t\t\t<div class=\"e-con-inner\">\n\t\t<div class=\"elementor-element elementor-element-39bdeaad e-con-full e-flex e-con e-child\" data-id=\"39bdeaad\" data-element_type=\"container\" data-e-type=\"container\">\n\t\t\t\t<div class=\"elementor-element elementor-element-4c5a89e4 elementor-widget__width-initial elementor-widget-tablet__width-inherit elementor-invisible elementor-widget elementor-widget-heading\" data-id=\"4c5a89e4\" data-element_type=\"widget\" data-e-type=\"widget\" data-settings=\"{&quot;_animation&quot;:&quot;fadeInUp&quot;}\" data-widget_type=\"heading.default\">\n\t\t\t\t<div class=\"elementor-widget-container\">\n\t\t\t\t\t<h2 class=\"elementor-heading-title elementor-size-default\">Conhe\u00e7a a equipa<\/h2>\t\t\t\t<\/div>\n\t\t\t\t<\/div>\n\t\t\t\t<\/div>\n\t\t<div class=\"elementor-element elementor-element-46ad70a5 e-con-full e-flex e-con e-child\" data-id=\"46ad70a5\" data-element_type=\"container\" data-e-type=\"container\">\n\t\t<div class=\"elementor-element elementor-element-57d47652 e-con-full e-flex e-con e-child\" data-id=\"57d47652\" data-element_type=\"container\" data-e-type=\"container\">\n\t\t\t\t<div class=\"elementor-element elementor-element-405e377 elementor-widget-tablet__width-inherit elementor-hidden-desktop elementor-hidden-tablet elementor-invisible elementor-widget elementor-widget-heading\" data-id=\"405e377\" data-element_type=\"widget\" data-e-type=\"widget\" data-settings=\"{&quot;_animation&quot;:&quot;fadeInUp&quot;}\" data-widget_type=\"heading.default\">\n\t\t\t\t<div class=\"elementor-widget-container\">\n\t\t\t\t\t<h2 class=\"elementor-heading-title elementor-size-default\">Fred Billings<\/h2>\t\t\t\t<\/div>\n\t\t\t\t<\/div>\n\t\t\t\t<div class=\"elementor-element elementor-element-3af7d809 elementor-widget-tablet__width-inherit elementor-invisible elementor-widget elementor-widget-image\" data-id=\"3af7d809\" data-element_type=\"widget\" data-e-type=\"widget\" data-settings=\"{&quot;_animation&quot;:&quot;fadeInUp&quot;}\" data-widget_type=\"image.default\">\n\t\t\t\t<div class=\"elementor-widget-container\">\n\t\t\t\t\t\t\t\t\t\t\t\t\t\t\t<img fetchpriority=\"high\" decoding=\"async\" width=\"512\" height=\"512\" src=\"https:\/\/www.gardenforlife.site\/wp-content\/uploads\/2025\/02\/Freds-Team-Photo.webp\" class=\"attachment-large size-large wp-image-5420\" alt=\"\" srcset=\"https:\/\/www.gardenforlife.site\/wp-content\/uploads\/2025\/02\/Freds-Team-Photo.webp 512w, https:\/\/www.gardenforlife.site\/wp-content\/uploads\/2025\/02\/Freds-Team-Photo-300x300.webp 300w, https:\/\/www.gardenforlife.site\/wp-content\/uploads\/2025\/02\/Freds-Team-Photo-150x150.webp 150w\" sizes=\"(max-width: 512px) 100vw, 512px\" \/>\t\t\t\t\t\t\t\t\t\t\t\t\t\t\t<\/div>\n\t\t\t\t<\/div>\n\t\t<div class=\"elementor-element elementor-element-232c3898 e-con-full e-flex e-con e-child\" data-id=\"232c3898\" data-element_type=\"container\" data-e-type=\"container\">\n\t\t\t\t<div class=\"elementor-element elementor-element-f31d8ba elementor-widget-tablet__width-inherit elementor-hidden-mobile elementor-invisible elementor-widget elementor-widget-heading\" data-id=\"f31d8ba\" data-element_type=\"widget\" data-e-type=\"widget\" data-settings=\"{&quot;_animation&quot;:&quot;fadeInUp&quot;}\" data-widget_type=\"heading.default\">\n\t\t\t\t<div class=\"elementor-widget-container\">\n\t\t\t\t\t<h2 class=\"elementor-heading-title elementor-size-default\">Fred Billings<\/h2>\t\t\t\t<\/div>\n\t\t\t\t<\/div>\n\t\t\t\t<div class=\"elementor-element elementor-element-2fdf455f elementor-invisible elementor-widget elementor-widget-text-editor\" data-id=\"2fdf455f\" data-element_type=\"widget\" data-e-type=\"widget\" data-settings=\"{&quot;_animation&quot;:&quot;fadeInUp&quot;}\" data-widget_type=\"text-editor.default\">\n\t\t\t\t<div class=\"elementor-widget-container\">\n\t\t\t\t\t\t\t\t\t<p><span style=\"font-weight: 400;\">Fred Billings tem d\u00e9cadas de experi\u00eancia no cultivo de vegetais org\u00e2nicos frescos e na partilha de compet\u00eancias de lideran\u00e7a din\u00e2micas. A sua jornada, enraizada no solo, continua a inspirar indiv\u00edduos e comunidades a cultivar vidas sustent\u00e1veis e significativas. <\/span><\/p>\t\t\t\t\t\t\t\t<\/div>\n\t\t\t\t<\/div>\n\t\t\t\t<\/div>\n\t\t\t\t<\/div>\n\t\t<div class=\"elementor-element elementor-element-181bb462 e-con-full e-flex e-con e-child\" data-id=\"181bb462\" data-element_type=\"container\" data-e-type=\"container\">\n\t\t\t\t<div class=\"elementor-element elementor-element-67301f76 elementor-widget-tablet__width-inherit elementor-hidden-desktop elementor-invisible elementor-widget elementor-widget-heading\" data-id=\"67301f76\" data-element_type=\"widget\" data-e-type=\"widget\" data-settings=\"{&quot;_animation&quot;:&quot;fadeInUp&quot;}\" data-widget_type=\"heading.default\">\n\t\t\t\t<div class=\"elementor-widget-container\">\n\t\t\t\t\t<h2 class=\"elementor-heading-title elementor-size-default\">Brittney Hale<\/h2>\t\t\t\t<\/div>\n\t\t\t\t<\/div>\n\t\t\t\t<div class=\"elementor-element elementor-element-44633e11 elementor-widget-tablet__width-initial elementor-invisible elementor-widget elementor-widget-image\" data-id=\"44633e11\" data-element_type=\"widget\" data-e-type=\"widget\" data-settings=\"{&quot;_animation&quot;:&quot;fadeInUp&quot;}\" data-widget_type=\"image.default\">\n\t\t\t\t<div class=\"elementor-widget-container\">\n\t\t\t\t\t\t\t\t\t\t\t\t\t\t\t<img decoding=\"async\" width=\"768\" height=\"1024\" src=\"https:\/\/www.gardenforlife.site\/wp-content\/uploads\/2025\/01\/brittney-hale-and-kids-1-768x1024.jpg\" class=\"attachment-large size-large wp-image-5422\" alt=\"\" srcset=\"https:\/\/www.gardenforlife.site\/wp-content\/uploads\/2025\/01\/brittney-hale-and-kids-1-768x1024.jpg 768w, https:\/\/www.gardenforlife.site\/wp-content\/uploads\/2025\/01\/brittney-hale-and-kids-1-225x300.jpg 225w, https:\/\/www.gardenforlife.site\/wp-content\/uploads\/2025\/01\/brittney-hale-and-kids-1-1152x1536.jpg 1152w, https:\/\/www.gardenforlife.site\/wp-content\/uploads\/2025\/01\/brittney-hale-and-kids-1-1536x2048.jpg 1536w, https:\/\/www.gardenforlife.site\/wp-content\/uploads\/2025\/01\/brittney-hale-and-kids-1-scaled.jpg 1920w\" sizes=\"(max-width: 768px) 100vw, 768px\" \/>\t\t\t\t\t\t\t\t\t\t\t\t\t\t\t<\/div>\n\t\t\t\t<\/div>\n\t\t<div class=\"elementor-element elementor-element-179fd5a9 e-con-full e-flex e-con e-child\" data-id=\"179fd5a9\" data-element_type=\"container\" data-e-type=\"container\">\n\t\t\t\t<div class=\"elementor-element elementor-element-7a11aae8 elementor-widget-tablet__width-inherit elementor-hidden-mobile elementor-invisible elementor-widget elementor-widget-heading\" data-id=\"7a11aae8\" data-element_type=\"widget\" data-e-type=\"widget\" data-settings=\"{&quot;_animation&quot;:&quot;fadeInUp&quot;}\" data-widget_type=\"heading.default\">\n\t\t\t\t<div class=\"elementor-widget-container\">\n\t\t\t\t\t<h2 class=\"elementor-heading-title elementor-size-default\">Brittney Hale<\/h2>\t\t\t\t<\/div>\n\t\t\t\t<\/div>\n\t\t\t\t<div class=\"elementor-element elementor-element-46d6ae3c elementor-invisible elementor-widget elementor-widget-text-editor\" data-id=\"46d6ae3c\" data-element_type=\"widget\" data-e-type=\"widget\" data-settings=\"{&quot;_animation&quot;:&quot;fadeInUp&quot;}\" data-widget_type=\"text-editor.default\">\n\t\t\t\t<div class=\"elementor-widget-container\">\n\t\t\t\t\t\t\t\t\t<p>Rapariga do campo e da cidade, Brittney cresceu imersa na agricultura org\u00e2nica. Licenciada pela Texas A&amp;M University com muita experi\u00eancia internacional, Brittney fornece \u00e0 GfL um apoio administrativo de primeira qualidade que permite \u00e0 nossa equipa concentrar-se na cria\u00e7\u00e3o e produ\u00e7\u00e3o de ferramentas e recursos GardenforLIFE. <\/p>\t\t\t\t\t\t\t\t<\/div>\n\t\t\t\t<\/div>\n\t\t\t\t<\/div>\n\t\t\t\t<\/div>\n\t\t\t\t<\/div>\n\t\t<div class=\"elementor-element elementor-element-fe2941e e-con-full e-flex e-con e-child\" data-id=\"fe2941e\" data-element_type=\"container\" data-e-type=\"container\">\n\t\t<div class=\"elementor-element elementor-element-5afd488 e-con-full e-flex e-con e-child\" data-id=\"5afd488\" data-element_type=\"container\" data-e-type=\"container\">\n\t\t\t\t<div class=\"elementor-element elementor-element-4d5863d elementor-widget-tablet__width-inherit elementor-hidden-desktop elementor-hidden-tablet elementor-invisible elementor-widget elementor-widget-heading\" data-id=\"4d5863d\" data-element_type=\"widget\" data-e-type=\"widget\" data-settings=\"{&quot;_animation&quot;:&quot;fadeInUp&quot;}\" data-widget_type=\"heading.default\">\n\t\t\t\t<div class=\"elementor-widget-container\">\n\t\t\t\t\t<h2 class=\"elementor-heading-title elementor-size-default\">Michael VanderMate<\/h2>\t\t\t\t<\/div>\n\t\t\t\t<\/div>\n\t\t\t\t<div class=\"elementor-element elementor-element-29fd547 elementor-widget-tablet__width-inherit elementor-invisible elementor-widget elementor-widget-image\" data-id=\"29fd547\" data-element_type=\"widget\" data-e-type=\"widget\" data-settings=\"{&quot;_animation&quot;:&quot;fadeInUp&quot;}\" data-widget_type=\"image.default\">\n\t\t\t\t<div class=\"elementor-widget-container\">\n\t\t\t\t\t\t\t\t\t\t\t\t\t\t\t<img decoding=\"async\" width=\"561\" height=\"567\" src=\"https:\/\/www.gardenforlife.site\/wp-content\/uploads\/2025\/02\/Michael-VanderMate.webp\" class=\"attachment-large size-large wp-image-5416\" alt=\"\" srcset=\"https:\/\/www.gardenforlife.site\/wp-content\/uploads\/2025\/02\/Michael-VanderMate.webp 561w, https:\/\/www.gardenforlife.site\/wp-content\/uploads\/2025\/02\/Michael-VanderMate-297x300.webp 297w\" sizes=\"(max-width: 561px) 100vw, 561px\" \/>\t\t\t\t\t\t\t\t\t\t\t\t\t\t\t<\/div>\n\t\t\t\t<\/div>\n\t\t<div class=\"elementor-element elementor-element-254b1e8 e-con-full e-flex e-con e-child\" data-id=\"254b1e8\" data-element_type=\"container\" data-e-type=\"container\">\n\t\t\t\t<div class=\"elementor-element elementor-element-dc60eba elementor-widget-tablet__width-inherit elementor-hidden-mobile elementor-invisible elementor-widget elementor-widget-heading\" data-id=\"dc60eba\" data-element_type=\"widget\" data-e-type=\"widget\" data-settings=\"{&quot;_animation&quot;:&quot;fadeInUp&quot;}\" data-widget_type=\"heading.default\">\n\t\t\t\t<div class=\"elementor-widget-container\">\n\t\t\t\t\t<h2 class=\"elementor-heading-title elementor-size-default\">Michael VanderMate<\/h2>\t\t\t\t<\/div>\n\t\t\t\t<\/div>\n\t\t\t\t<div class=\"elementor-element elementor-element-aac9c8a elementor-invisible elementor-widget elementor-widget-text-editor\" data-id=\"aac9c8a\" data-element_type=\"widget\" data-e-type=\"widget\" data-settings=\"{&quot;_animation&quot;:&quot;fadeInUp&quot;}\" data-widget_type=\"text-editor.default\">\n\t\t\t\t<div class=\"elementor-widget-container\">\n\t\t\t\t\t\t\t\t\t<p>Com experi\u00eancia em v\u00e1rios setores criativos, o princ\u00edpio orientador de Michael \u00e9 \u201cpermitir experi\u00eancias impactantes\u201d. Assumir o papel de diretor criativo aqui na GfL foi uma escolha natural, alinhando a sua experi\u00eancia criativa com a vis\u00e3o do projeto. Com os seus esfor\u00e7os, ele pretende facilitar a transi\u00e7\u00e3o da GfL para o campo digital.  <\/p>\t\t\t\t\t\t\t\t<\/div>\n\t\t\t\t<\/div>\n\t\t\t\t<\/div>\n\t\t\t\t<\/div>\n\t\t<div class=\"elementor-element elementor-element-238c31f e-con-full e-flex e-con e-child\" data-id=\"238c31f\" data-element_type=\"container\" data-e-type=\"container\">\n\t\t\t\t<div class=\"elementor-element elementor-element-ec9e6c7 elementor-widget-tablet__width-inherit elementor-hidden-desktop elementor-invisible elementor-widget elementor-widget-heading\" data-id=\"ec9e6c7\" data-element_type=\"widget\" data-e-type=\"widget\" data-settings=\"{&quot;_animation&quot;:&quot;fadeInUp&quot;}\" data-widget_type=\"heading.default\">\n\t\t\t\t<div class=\"elementor-widget-container\">\n\t\t\t\t\t<h2 class=\"elementor-heading-title elementor-size-default\">Barbara Billings<\/h2>\t\t\t\t<\/div>\n\t\t\t\t<\/div>\n\t\t\t\t<div class=\"elementor-element elementor-element-0bf6598 elementor-widget-tablet__width-initial elementor-invisible elementor-widget elementor-widget-image\" data-id=\"0bf6598\" data-element_type=\"widget\" data-e-type=\"widget\" data-settings=\"{&quot;_animation&quot;:&quot;fadeInUp&quot;}\" data-widget_type=\"image.default\">\n\t\t\t\t<div class=\"elementor-widget-container\">\n\t\t\t\t\t\t\t\t\t\t\t\t\t\t\t<img loading=\"lazy\" decoding=\"async\" width=\"584\" height=\"557\" src=\"https:\/\/www.gardenforlife.site\/wp-content\/uploads\/2025\/02\/Barbara-Billings.webp\" class=\"attachment-large size-large wp-image-5417\" alt=\"\" srcset=\"https:\/\/www.gardenforlife.site\/wp-content\/uploads\/2025\/02\/Barbara-Billings.webp 584w, https:\/\/www.gardenforlife.site\/wp-content\/uploads\/2025\/02\/Barbara-Billings-300x286.webp 300w\" sizes=\"(max-width: 584px) 100vw, 584px\" \/>\t\t\t\t\t\t\t\t\t\t\t\t\t\t\t<\/div>\n\t\t\t\t<\/div>\n\t\t<div class=\"elementor-element elementor-element-3d6037b e-con-full e-flex e-con e-child\" data-id=\"3d6037b\" data-element_type=\"container\" data-e-type=\"container\">\n\t\t\t\t<div class=\"elementor-element elementor-element-e04cbfa elementor-widget-tablet__width-inherit elementor-hidden-mobile elementor-invisible elementor-widget elementor-widget-heading\" data-id=\"e04cbfa\" data-element_type=\"widget\" data-e-type=\"widget\" data-settings=\"{&quot;_animation&quot;:&quot;fadeInUp&quot;}\" data-widget_type=\"heading.default\">\n\t\t\t\t<div class=\"elementor-widget-container\">\n\t\t\t\t\t<h2 class=\"elementor-heading-title elementor-size-default\">Barbara Billings<\/h2>\t\t\t\t<\/div>\n\t\t\t\t<\/div>\n\t\t\t\t<div class=\"elementor-element elementor-element-16c1a79 elementor-invisible elementor-widget elementor-widget-text-editor\" data-id=\"16c1a79\" data-element_type=\"widget\" data-e-type=\"widget\" data-settings=\"{&quot;_animation&quot;:&quot;fadeInUp&quot;}\" data-widget_type=\"text-editor.default\">\n\t\t\t\t<div class=\"elementor-widget-container\">\n\t\t\t\t\t\t\t\t\t<p>A alegria do jardim, cheio de VIDA, e a esposa do Farmer Fred. A vasta experi\u00eancia de Barbie na agricultura, fam\u00edlia, alimenta\u00e7\u00e3o e contabilidade mant\u00e9m a GfL em movimento. A sua disposi\u00e7\u00e3o amig\u00e1vel e o amor pelas pessoas s\u00e3o as suas \u201carmas secretas\u201d.  <\/p>\t\t\t\t\t\t\t\t<\/div>\n\t\t\t\t<\/div>\n\t\t\t\t<\/div>\n\t\t\t\t<\/div>\n\t\t\t\t<\/div>\n\t\t<div class=\"elementor-element elementor-element-9d44fa2 e-con-full e-flex e-con e-child\" data-id=\"9d44fa2\" data-element_type=\"container\" data-e-type=\"container\">\n\t\t<div class=\"elementor-element elementor-element-26fa89e e-con-full e-flex e-con e-child\" data-id=\"26fa89e\" data-element_type=\"container\" data-e-type=\"container\">\n\t\t\t\t<div class=\"elementor-element elementor-element-40c7fff elementor-widget-tablet__width-inherit elementor-hidden-desktop elementor-hidden-tablet elementor-invisible elementor-widget elementor-widget-heading\" data-id=\"40c7fff\" data-element_type=\"widget\" data-e-type=\"widget\" data-settings=\"{&quot;_animation&quot;:&quot;fadeInUp&quot;}\" data-widget_type=\"heading.default\">\n\t\t\t\t<div class=\"elementor-widget-container\">\n\t\t\t\t\t<h2 class=\"elementor-heading-title elementor-size-default\">James Burgess<\/h2>\t\t\t\t<\/div>\n\t\t\t\t<\/div>\n\t\t\t\t<div class=\"elementor-element elementor-element-9c013df elementor-widget-tablet__width-inherit elementor-invisible elementor-widget elementor-widget-image\" data-id=\"9c013df\" data-element_type=\"widget\" data-e-type=\"widget\" data-settings=\"{&quot;_animation&quot;:&quot;fadeInUp&quot;}\" data-widget_type=\"image.default\">\n\t\t\t\t<div class=\"elementor-widget-container\">\n\t\t\t\t\t\t\t\t\t\t\t\t\t\t\t<img loading=\"lazy\" decoding=\"async\" width=\"571\" height=\"433\" src=\"https:\/\/www.gardenforlife.site\/wp-content\/uploads\/2025\/02\/James-Burgess.webp\" class=\"attachment-large size-large wp-image-5418\" alt=\"\" srcset=\"https:\/\/www.gardenforlife.site\/wp-content\/uploads\/2025\/02\/James-Burgess.webp 571w, https:\/\/www.gardenforlife.site\/wp-content\/uploads\/2025\/02\/James-Burgess-300x227.webp 300w\" sizes=\"(max-width: 571px) 100vw, 571px\" \/>\t\t\t\t\t\t\t\t\t\t\t\t\t\t\t<\/div>\n\t\t\t\t<\/div>\n\t\t<div class=\"elementor-element elementor-element-7f26f34 e-con-full e-flex e-con e-child\" data-id=\"7f26f34\" data-element_type=\"container\" data-e-type=\"container\">\n\t\t\t\t<div class=\"elementor-element elementor-element-4ded895 elementor-widget-tablet__width-inherit elementor-hidden-mobile elementor-invisible elementor-widget elementor-widget-heading\" data-id=\"4ded895\" data-element_type=\"widget\" data-e-type=\"widget\" data-settings=\"{&quot;_animation&quot;:&quot;fadeInUp&quot;}\" data-widget_type=\"heading.default\">\n\t\t\t\t<div class=\"elementor-widget-container\">\n\t\t\t\t\t<h2 class=\"elementor-heading-title elementor-size-default\">James Burgess<\/h2>\t\t\t\t<\/div>\n\t\t\t\t<\/div>\n\t\t\t\t<div class=\"elementor-element elementor-element-330e200 elementor-invisible elementor-widget elementor-widget-text-editor\" data-id=\"330e200\" data-element_type=\"widget\" data-e-type=\"widget\" data-settings=\"{&quot;_animation&quot;:&quot;fadeInUp&quot;}\" data-widget_type=\"text-editor.default\">\n\t\t\t\t<div class=\"elementor-widget-container\">\n\t\t\t\t\t\t\t\t\t<p>James \u00e9 um cineasta veterano com mais de 50 anos de experi\u00eancia premiada em cinema. \u00c9 licenciado em Cinema e trabalha como diretor de fotografia, cinemat\u00f3grafo, editor, escritor, produtor\/realizador e supervisor de p\u00f3s-produ\u00e7\u00e3o. Conhecido principalmente como um &#8216;contador de hist\u00f3rias&#8217;, James combina profici\u00eancia t\u00e9cnica com express\u00e3o art\u00edstica em mensagens decididamente pungentes.  <\/p>\t\t\t\t\t\t\t\t<\/div>\n\t\t\t\t<\/div>\n\t\t\t\t<\/div>\n\t\t\t\t<\/div>\n\t\t<div class=\"elementor-element elementor-element-8b092fe e-con-full e-flex e-con e-child\" data-id=\"8b092fe\" data-element_type=\"container\" data-e-type=\"container\">\n\t\t\t\t<div class=\"elementor-element elementor-element-d740bed elementor-widget-tablet__width-inherit elementor-hidden-desktop elementor-hidden-tablet elementor-invisible elementor-widget elementor-widget-heading\" data-id=\"d740bed\" data-element_type=\"widget\" data-e-type=\"widget\" data-settings=\"{&quot;_animation&quot;:&quot;fadeInUp&quot;}\" data-widget_type=\"heading.default\">\n\t\t\t\t<div class=\"elementor-widget-container\">\n\t\t\t\t\t<h2 class=\"elementor-heading-title elementor-size-default\">Don Peterson<\/h2>\t\t\t\t<\/div>\n\t\t\t\t<\/div>\n\t\t\t\t<div class=\"elementor-element elementor-element-c695353 elementor-widget-tablet__width-inherit elementor-invisible elementor-widget elementor-widget-image\" data-id=\"c695353\" data-element_type=\"widget\" data-e-type=\"widget\" data-settings=\"{&quot;_animation&quot;:&quot;fadeInUp&quot;}\" data-widget_type=\"image.default\">\n\t\t\t\t<div class=\"elementor-widget-container\">\n\t\t\t\t\t\t\t\t\t\t\t\t\t\t\t<img loading=\"lazy\" decoding=\"async\" width=\"578\" height=\"578\" src=\"https:\/\/www.gardenforlife.site\/wp-content\/uploads\/2025\/02\/Don-Peterson.webp\" class=\"attachment-large size-large wp-image-5419\" alt=\"\" srcset=\"https:\/\/www.gardenforlife.site\/wp-content\/uploads\/2025\/02\/Don-Peterson.webp 578w, https:\/\/www.gardenforlife.site\/wp-content\/uploads\/2025\/02\/Don-Peterson-300x300.webp 300w, https:\/\/www.gardenforlife.site\/wp-content\/uploads\/2025\/02\/Don-Peterson-150x150.webp 150w\" sizes=\"(max-width: 578px) 100vw, 578px\" \/>\t\t\t\t\t\t\t\t\t\t\t\t\t\t\t<\/div>\n\t\t\t\t<\/div>\n\t\t<div class=\"elementor-element elementor-element-53cf8e8 e-con-full e-flex e-con e-child\" data-id=\"53cf8e8\" data-element_type=\"container\" data-e-type=\"container\">\n\t\t\t\t<div class=\"elementor-element elementor-element-2b12857 elementor-widget-tablet__width-inherit elementor-hidden-mobile elementor-invisible elementor-widget elementor-widget-heading\" data-id=\"2b12857\" data-element_type=\"widget\" data-e-type=\"widget\" data-settings=\"{&quot;_animation&quot;:&quot;fadeInUp&quot;}\" data-widget_type=\"heading.default\">\n\t\t\t\t<div class=\"elementor-widget-container\">\n\t\t\t\t\t<h2 class=\"elementor-heading-title elementor-size-default\">Don Peterson<\/h2>\t\t\t\t<\/div>\n\t\t\t\t<\/div>\n\t\t\t\t<div class=\"elementor-element elementor-element-9e6239c elementor-invisible elementor-widget elementor-widget-text-editor\" data-id=\"9e6239c\" data-element_type=\"widget\" data-e-type=\"widget\" data-settings=\"{&quot;_animation&quot;:&quot;fadeInUp&quot;}\" data-widget_type=\"text-editor.default\">\n\t\t\t\t<div class=\"elementor-widget-container\">\n\t\t\t\t\t\t\t\t\t<p>Don \u00e9 um contabilista p\u00fablico certificado, empres\u00e1rio e agricultor\/jardineiro de longa data. Especializado em lideran\u00e7a e desenvolvimento organizacional, Don traz d\u00e9cadas de sabedoria e experi\u00eancia profissional em neg\u00f3cios, coaching, orienta\u00e7\u00e3o e jardinagem comunit\u00e1ria\/educacional para a equipa. <\/p>\t\t\t\t\t\t\t\t<\/div>\n\t\t\t\t<\/div>\n\t\t\t\t<\/div>\n\t\t\t\t<\/div>\n\t\t\t\t<\/div>\n\t\t\t\t\t<\/div>\n\t\t\t\t<\/div>\n\t\t\t\t<\/div>\n\t\t","protected":false},"excerpt":{"rendered":"<p>Equipa Sobre n\u00f3s GardenforLIFE \u00e9 um enorme &#8216;n\u00f3s&#8217;. \u00c9 a VIDA produzida por mais de 30 anos de colabora\u00e7\u00e3o diversificada. O catalisador desta alian\u00e7a \u00e9 o nosso Criador, que conectou agricultores, jardineiros, educadores, cientistas e outros de todas as esferas da vida. Cada um de &#8216;n\u00f3s&#8217; est\u00e1 empenhado em ajudar o mundo a alimentar-se e [&hellip;]<\/p>\n","protected":false},"author":1,"featured_media":0,"parent":0,"menu_order":0,"comment_status":"closed","ping_status":"closed","template":"","meta":{"give_campaign_id":0,"footnotes":""},"class_list":["post-5415","page","type-page","status-publish","hentry"],"campaignId":"","_links":{"self":[{"href":"https:\/\/www.gardenforlife.site\/pt-pt\/wp-json\/wp\/v2\/pages\/5415","targetHints":{"allow":["GET"]}}],"collection":[{"href":"https:\/\/www.gardenforlife.site\/pt-pt\/wp-json\/wp\/v2\/pages"}],"about":[{"href":"https:\/\/www.gardenforlife.site\/pt-pt\/wp-json\/wp\/v2\/types\/page"}],"author":[{"embeddable":true,"href":"https:\/\/www.gardenforlife.site\/pt-pt\/wp-json\/wp\/v2\/users\/1"}],"replies":[{"embeddable":true,"href":"https:\/\/www.gardenforlife.site\/pt-pt\/wp-json\/wp\/v2\/comments?post=5415"}],"version-history":[{"count":1,"href":"https:\/\/www.gardenforlife.site\/pt-pt\/wp-json\/wp\/v2\/pages\/5415\/revisions"}],"predecessor-version":[{"id":5423,"href":"https:\/\/www.gardenforlife.site\/pt-pt\/wp-json\/wp\/v2\/pages\/5415\/revisions\/5423"}],"wp:attachment":[{"href":"https:\/\/www.gardenforlife.site\/pt-pt\/wp-json\/wp\/v2\/media?parent=5415"}],"curies":[{"name":"wp","href":"https:\/\/api.w.org\/{rel}","templated":true}]}}